{"id":902,"date":"2016-06-29T10:54:45","date_gmt":"2016-06-29T10:54:45","guid":{"rendered":"https:\/\/www.almamaterticinensis.eu\/?page_id=902"},"modified":"2016-06-29T16:44:42","modified_gmt":"2016-06-29T16:44:42","slug":"progetto-9","status":"publish","type":"page","link":"https:\/\/www.almamaterticinensis.eu\/index.php\/attivita\/finanziamenti\/progetto-9\/","title":{"rendered":"progetto 9"},"content":{"rendered":"<p>[et_pb_section admin_label=&#8221;section&#8221; fullwidth=&#8221;on&#8221; specialty=&#8221;off&#8221; inner_shadow=&#8221;off&#8221; parallax=&#8221;off&#8221; background_color=&#8221;#2ea3f2&#8243;][et_pb_fullwidth_header admin_label=&#8221;Fullwidth Header&#8221; background_layout=&#8221;dark&#8221; text_orientation=&#8221;left&#8221; header_fullscreen=&#8221;off&#8221; header_scroll_down=&#8221;off&#8221; background_url=&#8221;https:\/\/www.almamaterticinensis.eu\/wp-content\/uploads\/2016\/05\/pagina-interna-1_2.jpg&#8221; parallax=&#8221;off&#8221; parallax_method=&#8221;off&#8221; content_orientation=&#8221;center&#8221; image_orientation=&#8221;center&#8221; custom_button_one=&#8221;off&#8221; button_one_letter_spacing=&#8221;0&#8243; button_one_use_icon=&#8221;default&#8221; button_one_icon_placement=&#8221;right&#8221; button_one_on_hover=&#8221;on&#8221; button_one_letter_spacing_hover=&#8221;0&#8243; custom_button_two=&#8221;off&#8221; button_two_letter_spacing=&#8221;0&#8243; button_two_use_icon=&#8221;default&#8221; button_two_icon_placement=&#8221;right&#8221; button_two_on_hover=&#8221;on&#8221; button_two_letter_spacing_hover=&#8221;0&#8243;]<br \/>\n[\/et_pb_fullwidth_header][\/et_pb_section][et_pb_section admin_label=&#8221;section&#8221;][et_pb_row admin_label=&#8221;row&#8221;][et_pb_column type=&#8221;4_4&#8243;][et_pb_text admin_label=&#8221;Text&#8221; background_layout=&#8221;light&#8221; text_orientation=&#8221;left&#8221; use_border_color=&#8221;off&#8221; border_color=&#8221;#ffffff&#8221; border_style=&#8221;solid&#8221;]<\/p>\n<h3>La tutela multilivello del diritto alla sicurezza degli alimenti: strumenti nazionali e internazionali per contrastare le frodi alimentari e il loro impatto sul territorio<\/h3>\n<p>&nbsp;<\/p>\n<h4>Responsabile Scientifico: prof.ssa\u00a0Carola Ricci<\/h4>\n<p>[\/et_pb_text][\/et_pb_column][\/et_pb_row][et_pb_row admin_label=&#8221;Row&#8221;][et_pb_column type=&#8221;1_2&#8243;][et_pb_video admin_label=&#8221;Video&#8221; src=&#8221;https:\/\/www.youtube.com\/watch?v=i7iAKkGqCtk&#8221;]<br \/>\n[\/et_pb_video][\/et_pb_column][et_pb_column type=&#8221;1_2&#8243;][et_pb_text admin_label=&#8221;Text&#8221; background_layout=&#8221;light&#8221; text_orientation=&#8221;left&#8221; use_border_color=&#8221;off&#8221; border_color=&#8221;#ffffff&#8221; border_style=&#8221;solid&#8221;]<\/p>\n<p>Il gruppo di ricerca ha sviluppato le diverse implicazioni giuridiche, economiche e statistiche delle frodi alimentari registrate sempre pi\u00f9 frequentemente nel contesto nazionale, europeo e internazionale lungo l\u2019intera filiera agro-alimentare (dalla produzione alla distribuzione al dettaglio) concentrandosi sulla governance e il diritto alla sicurezza degli alimenti con un approccio interdisciplinare.<br \/>\nSono stati analizzati, infatti, in modo trasversale, l\u2019insieme degli strumenti forniti, da un lato, dal diritto internazionale pubblico ed europeo, oltre che dal diritto interno, per la tutela del diritto alla sicurezza alimentare da realizzarsi nel rispetto di uno sviluppo effettivamente sostenibile e, dall\u2019altro, dal diritto internazionale privato a tutela dell\u2019individuo, sia esso consumatore, sia esso imprenditore.<\/p>\n<p>[\/et_pb_text][\/et_pb_column][\/et_pb_row][et_pb_row admin_label=&#8221;Row&#8221;][et_pb_column type=&#8221;4_4&#8243;][et_pb_text admin_label=&#8221;Text&#8221; background_layout=&#8221;light&#8221; text_orientation=&#8221;left&#8221; use_border_color=&#8221;off&#8221; border_color=&#8221;#ffffff&#8221; border_style=&#8221;solid&#8221;]<\/p>\n<p>Adottando un\u2019impostazione innovativa, il progetto ha inoltre misurato con strumenti quantitativi attinenti alle scienze statistiche ed economiche le dimensioni rilevanti sottostanti alla qualit\u00e0 dell\u2019alimentazione, valutando i principali rischi connessi alle frodi alimentari ma anche le ricadute sulla reputazione di marchi e certificazioni di qualit\u00e0 agroalimentari agli occhi dei consumatori.<br \/>\nIl contributo della Fondazione ha permesso di sviluppare network di ricerca a diversi livelli, sia nazionale sia europeo e internazionale. Sotto il primo profilo, il Progetto si \u00e8 inserito a titolo di ricerca-pilota in un programma pi\u00f9 ampio denominato con l\u2019acronimo di \u2018S.AL.TU.M.\u2019 (Sicurezza ALimentare_Tutela Multilivello) sviluppato dall\u2019Unit\u00e0 pavese in qualit\u00e0 di coordinatore insieme a Universit\u00e0 degli Studi di Milano, Universit\u00e0 Cattolica di Milano, Universit\u00e0 \u2018C. Cattaneo\u2019 \u2013 LIUC, per il quale \u00e8 stata siglata una convenzione operativa con Regione Lombardia nel dicembre 2010. A questi partner si sono aggiunti importanti centri di ricerca di diversi paesi tra cui: Stati Uniti, Brasile, Giappone, Vietnam, Spagna, Albania.<br \/>\nI risultati raggiunti sono stati presentati in diversi convegni organizzati coinvolgendo anche esperti esterni di fama internazionale, rappresentanti di organizzazioni internazionali, europee e nazionali competenti per i controlli di qualit\u00e0 del cibo. Tutti i contributi confluiranno in due volumi (in inglese e in italiano) in corso di pubblicazione per i tipi di due prestigiosi editori scientifici nazionali (Giappichelli e Giuffr\u00e8), cui si aggiungono altre pubblicazioni specifiche su importanti riviste di settore.<br \/>\nIl finanziamento ha reso inoltre possibile l\u2019attivazione di diverse borse di studio e assegni di ricerca per giovani studiosi italiani che sono stati coinvolti nella ricerca oltre che in importanti eventi di formazione presso istituti di ricerca nazionali e internazionali.<br \/>\nPer maggiori dettagli si rinvia al sito web dedicato al progetto, all\u2019interno del quale sono delineati i tratti scientifici pi\u00f9 pregnanti della ricerca e gli eventi organizzati <a href=\"http:\/\/www-5.unipv.it\/saltum\/\">www-5.unipv.it\/saltum\/<\/a><\/p>\n<p>[\/et_pb_text][\/et_pb_column][\/et_pb_row][\/et_pb_section]<\/p>\n","protected":false},"excerpt":{"rendered":"","protected":false},"author":2,"featured_media":0,"parent":256,"menu_order":0,"comment_status":"closed","ping_status":"closed","template":"","meta":{"_et_pb_use_builder":"on","_et_pb_old_content":"","_et_gb_content_width":"","footnotes":""},"class_list":["post-902","page","type-page","status-publish","hentry"],"_links":{"self":[{"href":"https:\/\/www.almamaterticinensis.eu\/index.php\/wp-json\/wp\/v2\/pages\/902","targetHints":{"allow":["GET"]}}],"collection":[{"href":"https:\/\/www.almamaterticinensis.eu\/index.php\/wp-json\/wp\/v2\/pages"}],"about":[{"href":"https:\/\/www.almamaterticinensis.eu\/index.php\/wp-json\/wp\/v2\/types\/page"}],"author":[{"embeddable":true,"href":"https:\/\/www.almamaterticinensis.eu\/index.php\/wp-json\/wp\/v2\/users\/2"}],"replies":[{"embeddable":true,"href":"https:\/\/www.almamaterticinensis.eu\/index.php\/wp-json\/wp\/v2\/comments?post=902"}],"version-history":[{"count":11,"href":"https:\/\/www.almamaterticinensis.eu\/index.php\/wp-json\/wp\/v2\/pages\/902\/revisions"}],"predecessor-version":[{"id":1013,"href":"https:\/\/www.almamaterticinensis.eu\/index.php\/wp-json\/wp\/v2\/pages\/902\/revisions\/1013"}],"up":[{"embeddable":true,"href":"https:\/\/www.almamaterticinensis.eu\/index.php\/wp-json\/wp\/v2\/pages\/256"}],"wp:attachment":[{"href":"https:\/\/www.almamaterticinensis.eu\/index.php\/wp-json\/wp\/v2\/media?parent=902"}],"curies":[{"name":"wp","href":"https:\/\/api.w.org\/{rel}","templated":true}]}}