{"id":901,"date":"2016-06-29T10:54:24","date_gmt":"2016-06-29T10:54:24","guid":{"rendered":"https:\/\/www.almamaterticinensis.eu\/?page_id=901"},"modified":"2016-06-29T16:54:12","modified_gmt":"2016-06-29T16:54:12","slug":"progetto-8","status":"publish","type":"page","link":"https:\/\/www.almamaterticinensis.eu\/index.php\/attivita\/finanziamenti\/progetto-8\/","title":{"rendered":"progetto 8"},"content":{"rendered":"<p>[et_pb_section admin_label=&#8221;section&#8221; fullwidth=&#8221;on&#8221; specialty=&#8221;off&#8221; inner_shadow=&#8221;off&#8221; parallax=&#8221;off&#8221; background_color=&#8221;#2ea3f2&#8243;][et_pb_fullwidth_header admin_label=&#8221;Fullwidth Header&#8221; background_layout=&#8221;dark&#8221; text_orientation=&#8221;left&#8221; header_fullscreen=&#8221;off&#8221; header_scroll_down=&#8221;off&#8221; background_url=&#8221;https:\/\/www.almamaterticinensis.eu\/wp-content\/uploads\/2016\/05\/pagina-interna-1_2.jpg&#8221; parallax=&#8221;off&#8221; parallax_method=&#8221;off&#8221; content_orientation=&#8221;center&#8221; image_orientation=&#8221;center&#8221; custom_button_one=&#8221;off&#8221; button_one_letter_spacing=&#8221;0&#8243; button_one_use_icon=&#8221;default&#8221; button_one_icon_placement=&#8221;right&#8221; button_one_on_hover=&#8221;on&#8221; button_one_letter_spacing_hover=&#8221;0&#8243; custom_button_two=&#8221;off&#8221; button_two_letter_spacing=&#8221;0&#8243; button_two_use_icon=&#8221;default&#8221; button_two_icon_placement=&#8221;right&#8221; button_two_on_hover=&#8221;on&#8221; button_two_letter_spacing_hover=&#8221;0&#8243;] [\/et_pb_fullwidth_header][\/et_pb_section][et_pb_section admin_label=&#8221;section&#8221;][et_pb_row admin_label=&#8221;row&#8221;][et_pb_column type=&#8221;4_4&#8243;][et_pb_text admin_label=&#8221;Text&#8221; background_layout=&#8221;light&#8221; text_orientation=&#8221;left&#8221; use_border_color=&#8221;off&#8221; border_color=&#8221;#ffffff&#8221; border_style=&#8221;solid&#8221;]<\/p>\n<h3>L&#8217;inglese e l&#8217;italiano del cinema: traduzione e apprendimento linguistico<\/h3>\n<p>&nbsp;<\/p>\n<h4>Responsabile Scientifico: Prof.ssa Maria Gabriella Pavesi<\/h4>\n<p>[\/et_pb_text][\/et_pb_column][\/et_pb_row][et_pb_row admin_label=&#8221;Row&#8221;][et_pb_column type=&#8221;1_2&#8243;][et_pb_video admin_label=&#8221;Video&#8221; src=&#8221;https:\/\/www.youtube.com\/watch?v=lzd5XIas_2Q&#8221;] [\/et_pb_video][\/et_pb_column][et_pb_column type=&#8221;1_2&#8243;][et_pb_text admin_label=&#8221;Text&#8221; background_layout=&#8221;light&#8221; text_orientation=&#8221;left&#8221; use_border_color=&#8221;off&#8221; border_color=&#8221;#ffffff&#8221; border_style=&#8221;solid&#8221;]<\/p>\n<p>Il film \u00e8 un\u2019opera semiotica complessa in cui il dialogo riflette iconicamente la rilevanza della conversazione nella vita quotidiana.<\/p>\n<p>Aspetto caratterizzante del progetto \u201cL\u2019inglese e l\u2019italiano del cinema: traduzione e apprendimento linguistico\u201d \u00e8 l\u2019approccio empirico all\u2019analisi linguistica reso possibile dalla creazione del Pavia Corpus of Film Dialogue, uno strumento innovativo per l\u2019indagine sulla lingua e sulla traduzione cinematografica.<\/p>\n<p>Il corpus, consistente in circa 600.000 parole, \u00e8 costituito da una banca dati di film britannici e americani trascritti nella loro versione originale e doppiata, accompagnati da film italiani originali.<\/p>\n<p>[\/et_pb_text][\/et_pb_column][\/et_pb_row][et_pb_row admin_label=&#8221;Row&#8221;][et_pb_column type=&#8221;4_4&#8243;][et_pb_text admin_label=&#8221;Text&#8221; background_layout=&#8221;light&#8221; text_orientation=&#8221;left&#8221; use_border_color=&#8221;off&#8221; border_color=&#8221;#ffffff&#8221; border_style=&#8221;solid&#8221;]<\/p>\n<p>Tale corpus ha permesso l\u2019analisi della lingua del film, enfatizzandone la dimensione pragmatica, sociolinguistica e semiotica. Lo studio di varie strutture grammaticali, della fraseologia, del plurilinguismo e dello slang, all\u2019interno dell\u2019interattivit\u00e0 degli spazi semiotici del film, ha confermato la peculiarit\u00e0 di una variet\u00e0 linguistica cui gli spettatori sono massicciamente esposti.<\/p>\n<p>Ma la lingua doppiata svolge anche un ruolo significativo nell\u2019apprendimento linguistico. Grazie a una serie di esperimenti condotti a Malta e a Pavia \u00e8 stato confermato, infatti, che l\u2019esposizione a film doppiati in italiano pu\u00f2 favorire l\u2019acquisizione della L2.<\/p>\n<p>Si \u00e8 valorizzata, quindi, questa modalit\u00e0 di traduzione audiovisiva nella diffusione del multilinguismo con particolare riferimento all\u2019apprendimento della nostra lingua nazionale nel bacino del Mediterraneo e in altri Paesi europei.<\/p>\n<p>[\/et_pb_text][\/et_pb_column][\/et_pb_row][\/et_pb_section]<\/p>\n","protected":false},"excerpt":{"rendered":"","protected":false},"author":2,"featured_media":0,"parent":256,"menu_order":0,"comment_status":"closed","ping_status":"closed","template":"","meta":{"_et_pb_use_builder":"on","_et_pb_old_content":"","_et_gb_content_width":"","footnotes":""},"class_list":["post-901","page","type-page","status-publish","hentry"],"_links":{"self":[{"href":"https:\/\/www.almamaterticinensis.eu\/index.php\/wp-json\/wp\/v2\/pages\/901","targetHints":{"allow":["GET"]}}],"collection":[{"href":"https:\/\/www.almamaterticinensis.eu\/index.php\/wp-json\/wp\/v2\/pages"}],"about":[{"href":"https:\/\/www.almamaterticinensis.eu\/index.php\/wp-json\/wp\/v2\/types\/page"}],"author":[{"embeddable":true,"href":"https:\/\/www.almamaterticinensis.eu\/index.php\/wp-json\/wp\/v2\/users\/2"}],"replies":[{"embeddable":true,"href":"https:\/\/www.almamaterticinensis.eu\/index.php\/wp-json\/wp\/v2\/comments?post=901"}],"version-history":[{"count":4,"href":"https:\/\/www.almamaterticinensis.eu\/index.php\/wp-json\/wp\/v2\/pages\/901\/revisions"}],"predecessor-version":[{"id":1021,"href":"https:\/\/www.almamaterticinensis.eu\/index.php\/wp-json\/wp\/v2\/pages\/901\/revisions\/1021"}],"up":[{"embeddable":true,"href":"https:\/\/www.almamaterticinensis.eu\/index.php\/wp-json\/wp\/v2\/pages\/256"}],"wp:attachment":[{"href":"https:\/\/www.almamaterticinensis.eu\/index.php\/wp-json\/wp\/v2\/media?parent=901"}],"curies":[{"name":"wp","href":"https:\/\/api.w.org\/{rel}","templated":true}]}}