{"id":892,"date":"2016-06-29T10:52:00","date_gmt":"2016-06-29T10:52:00","guid":{"rendered":"https:\/\/www.almamaterticinensis.eu\/?page_id=892"},"modified":"2016-06-29T12:45:23","modified_gmt":"2016-06-29T12:45:23","slug":"progetto-3","status":"publish","type":"page","link":"https:\/\/www.almamaterticinensis.eu\/index.php\/attivita\/finanziamenti\/progetto-3\/","title":{"rendered":"progetto 3"},"content":{"rendered":"<p>[et_pb_section admin_label=&#8221;section&#8221; fullwidth=&#8221;on&#8221; specialty=&#8221;off&#8221; inner_shadow=&#8221;off&#8221; parallax=&#8221;off&#8221; background_color=&#8221;#2ea3f2&#8243;][et_pb_fullwidth_header admin_label=&#8221;Fullwidth Header&#8221; background_layout=&#8221;dark&#8221; text_orientation=&#8221;left&#8221; header_fullscreen=&#8221;off&#8221; header_scroll_down=&#8221;off&#8221; background_url=&#8221;https:\/\/www.almamaterticinensis.eu\/wp-content\/uploads\/2016\/05\/pagina-interna-1_2.jpg&#8221; parallax=&#8221;off&#8221; parallax_method=&#8221;off&#8221; content_orientation=&#8221;center&#8221; image_orientation=&#8221;center&#8221; custom_button_one=&#8221;off&#8221; button_one_letter_spacing=&#8221;0&#8243; button_one_use_icon=&#8221;default&#8221; button_one_icon_placement=&#8221;right&#8221; button_one_on_hover=&#8221;on&#8221; button_one_letter_spacing_hover=&#8221;0&#8243; custom_button_two=&#8221;off&#8221; button_two_letter_spacing=&#8221;0&#8243; button_two_use_icon=&#8221;default&#8221; button_two_icon_placement=&#8221;right&#8221; button_two_on_hover=&#8221;on&#8221; button_two_letter_spacing_hover=&#8221;0&#8243;]<br \/>\n[\/et_pb_fullwidth_header][\/et_pb_section][et_pb_section admin_label=&#8221;section&#8221;][et_pb_row admin_label=&#8221;row&#8221;][et_pb_column type=&#8221;4_4&#8243;][et_pb_text admin_label=&#8221;Text&#8221; background_layout=&#8221;light&#8221; text_orientation=&#8221;left&#8221; use_border_color=&#8221;off&#8221; border_color=&#8221;#ffffff&#8221; border_style=&#8221;solid&#8221;]<\/p>\n<h3><strong><span class=\"TextRun SCX163996009\" lang=\"EN-US\" xml:lang=\"EN-US\"><span class=\"NormalTextRun SCX163996009\">Semiconductor devices for entangled photon pair generation<\/span><\/span><\/strong><\/h3>\n<p>&nbsp;<\/p>\n<h4>Responsabile scientifico: Prof. Daniele Bajoni<\/h4>\n<p>[\/et_pb_text][\/et_pb_column][\/et_pb_row][et_pb_row admin_label=&#8221;Row&#8221;][et_pb_column type=&#8221;1_2&#8243;][et_pb_video admin_label=&#8221;Video&#8221; src=&#8221;https:\/\/www.youtube.com\/watch?v=XX4-FoygLOk&#8221;]<br \/>\n[\/et_pb_video][\/et_pb_column][et_pb_column type=&#8221;1_2&#8243;][et_pb_text admin_label=&#8221;Text&#8221; background_layout=&#8221;light&#8221; text_orientation=&#8221;left&#8221; use_border_color=&#8221;off&#8221; border_color=&#8221;#ffffff&#8221; border_style=&#8221;solid&#8221;]<\/p>\n<p>Il progetto ha permesso di conseguire diversi risultati. Eccone illustrati due:<\/p>\n<p>1 &#8211; Le tecnologie di crittografia quantistica e quantum computing stanno rapidamente passando dai laboratori ai primi prodotti industriali. La sicurezza delle comunicazioni tra banca e cliente \u00e8, ad esempio, una delle applicazioni pi\u00f9 promettenti: in anni recenti sono stati testati sistemi dimostrativi di &#8220;quantum bancomat&#8221;, dove il cliente pu\u00f2 prelevare una chiave di bits randomizzata da usare per successive comunicazioni via internet. Il nostro progetto si prefiggeva la dimostrazione di diversi dispositivi necessari per la completa integrazione su chip delle tecniche di quantum information processing. L&#8217;obiettivo principale consiste nello sviluppare una sorgente di stati nonclassici della radiazione facilmente integrabile con reti di guide di silicio, e ad alta ripetibilit\u00e0.<\/p>\n<p>[\/et_pb_text][\/et_pb_column][\/et_pb_row][et_pb_row admin_label=&#8221;Row&#8221;][et_pb_column type=&#8221;4_4&#8243;][et_pb_text admin_label=&#8221;Text&#8221; background_layout=&#8221;light&#8221; text_orientation=&#8221;left&#8221; use_border_color=&#8221;off&#8221; border_color=&#8221;#ffffff&#8221; border_style=&#8221;solid&#8221;]<\/p>\n<p>Abbiamo deciso, per tale fine, di sfruttare le nonlinearit\u00e0 ottiche di risonatori ad anello in silicio, dispositivi che sono gi\u00e0 uno standard industriale. Durante il progetto abbiamo dimostrato che tali risonatori sono in grado di emettere fasci di coppie di fotoni con particolare intensit\u00e0 e con un rapporto segnale rumore pi\u00f9 di dieci volte migliore rispetto ad altre sorgenti riportate precedentemente.<\/p>\n<p>2 &#8211; I polaritoni eccitonici sono quasi-particelle ibride formate da una mescolanza di luce e materia che si possono formare in nanostrutture di semiconduttore. I polaritoni hanno la propriet\u00e0 di potersi accumulare nello stesso stato, in modo simile a quanto avviene per i fotoni in un laser: il vantaggio rispetto ad un laser tradizionale \u00e8 che il lasing a polaritoni avviene con potenze di pompa molto pi\u00f9 basse. In questo lavoro abbiamo realizzato polaritoni confinati in cavit\u00e0 a cristallo fotonico, pi\u00f9 piccole di un micron cubo. Il piccolo volume modale ha dato origine a soglie di lasing con potenze di pompa dell\u2019ordine di 100 nW: questi risultati migliorano di tre ordini di grandezza i risultati precedentemente riportati in letteratura. Questo lavoro \u00e8 finanziato dalla fondazione Alma Mater Ticinensis ed \u00e8 il frutto di una collaborazione tra il Dipartimento di Ingegneria Industriale e dell\u2019Informazione e il Dipartimento di Fisica dell\u2019Universit\u00e0 di Pavia e il Laboratoire de Photonique et des Nanostructures di Marcoussis in Francia.<\/p>\n<p>[\/et_pb_text][\/et_pb_column][\/et_pb_row][\/et_pb_section]<\/p>\n","protected":false},"excerpt":{"rendered":"","protected":false},"author":2,"featured_media":0,"parent":256,"menu_order":0,"comment_status":"closed","ping_status":"closed","template":"","meta":{"_et_pb_use_builder":"on","_et_pb_old_content":"","_et_gb_content_width":"","footnotes":""},"class_list":["post-892","page","type-page","status-publish","hentry"],"_links":{"self":[{"href":"https:\/\/www.almamaterticinensis.eu\/index.php\/wp-json\/wp\/v2\/pages\/892","targetHints":{"allow":["GET"]}}],"collection":[{"href":"https:\/\/www.almamaterticinensis.eu\/index.php\/wp-json\/wp\/v2\/pages"}],"about":[{"href":"https:\/\/www.almamaterticinensis.eu\/index.php\/wp-json\/wp\/v2\/types\/page"}],"author":[{"embeddable":true,"href":"https:\/\/www.almamaterticinensis.eu\/index.php\/wp-json\/wp\/v2\/users\/2"}],"replies":[{"embeddable":true,"href":"https:\/\/www.almamaterticinensis.eu\/index.php\/wp-json\/wp\/v2\/comments?post=892"}],"version-history":[{"count":11,"href":"https:\/\/www.almamaterticinensis.eu\/index.php\/wp-json\/wp\/v2\/pages\/892\/revisions"}],"predecessor-version":[{"id":949,"href":"https:\/\/www.almamaterticinensis.eu\/index.php\/wp-json\/wp\/v2\/pages\/892\/revisions\/949"}],"up":[{"embeddable":true,"href":"https:\/\/www.almamaterticinensis.eu\/index.php\/wp-json\/wp\/v2\/pages\/256"}],"wp:attachment":[{"href":"https:\/\/www.almamaterticinensis.eu\/index.php\/wp-json\/wp\/v2\/media?parent=892"}],"curies":[{"name":"wp","href":"https:\/\/api.w.org\/{rel}","templated":true}]}}