{"id":788,"date":"2016-06-28T11:30:39","date_gmt":"2016-06-28T11:30:39","guid":{"rendered":"https:\/\/www.almamaterticinensis.eu\/?page_id=788"},"modified":"2016-06-28T11:30:45","modified_gmt":"2016-06-28T11:30:45","slug":"linglese-e-litaliano-del-cinema-traduzione-e-apprendimento-linguistico","status":"publish","type":"page","link":"https:\/\/www.almamaterticinensis.eu\/index.php\/attivita\/finanziamenti\/linglese-e-litaliano-del-cinema-traduzione-e-apprendimento-linguistico\/","title":{"rendered":"L&#8217;inglese e l&#8217;italiano del cinema: traduzione e apprendimento linguistico"},"content":{"rendered":"<h3><strong>L&#8217;inglese e l&#8217;italiano del cinema: traduzione e apprendimento linguistico<\/strong><\/h3>\n<p>&nbsp;<\/p>\n<h4>Responsabile Scientifico: Prof.Ssa Maria Gabriella Pavesi<\/h4>\n<p>&nbsp;<\/p>\n<p><iframe loading=\"lazy\" src=\"https:\/\/www.youtube.com\/embed\/lzd5XIas_2Q?feature=player_embedded\" width=\"640\" height=\"360\" frameborder=\"0\" allowfullscreen=\"allowfullscreen\"><\/iframe><\/p>\n<p>Il film \u00e8 un\u2019opera semiotica complessa in cui il dialogo riflette iconicamente la rilevanza della conversazione nella vita quotidiana. Aspetto caratterizzante del progetto \u201cL\u2019inglese e l\u2019italiano del cinema: traduzione e apprendimento linguistico\u201d \u00e8 l\u2019approccio empirico all\u2019analisi linguistica reso possibile dalla creazione del Pavia Corpus of Film Dialogue, uno strumento innovativo per l\u2019indagine sulla lingua e sulla traduzione cinematografica. Il corpus, consistente in circa 600.000 parole, \u00e8 costituito da una banca dati di film britannici e americani trascritti nella loro versione originale e doppiata, accompagnati da film italiani originali. Tale corpus ha permesso l\u2019analisi della lingua del film, enfatizzandone la dimensione pragmatica, sociolinguistica e semiotica. Lo studio di varie strutture grammaticali, della fraseologia, del plurilinguismo e dello slang, all\u2019interno dell\u2019interattivit\u00e0 degli spazi semiotici del film, ha confermato la peculiarit\u00e0 di una variet\u00e0 linguistica cui gli spettatori sono massicciamente esposti. Ma la lingua doppiata svolge anche un ruolo significativo nell\u2019apprendimento linguistico. Grazie a una serie di esperimenti condotti a Malta e a Pavia \u00e8 stato confermato, infatti, che l\u2019esposizione a film doppiati in italiano pu\u00f2 favorire l\u2019acquisizione della L2. Si \u00e8 valorizzata, quindi, questa modalit\u00e0 di traduzione audiovisiva nella diffusione del multilinguismo con particolare riferimento all\u2019apprendimento della nostra lingua nazionale nel bacino del Mediterraneo e in altri Paesi europei.<\/p>\n","protected":false},"excerpt":{"rendered":"L'inglese e l'italiano del cinema: traduzione e apprendimento linguistico\r\n&nbsp;\r\nResponsabile Scientifico: Prof.Ssa Maria Gabriella Pavesi\r\n&nbsp;\r\n\r\n\r\n\r\nIl film \u00e8 un\u2019opera semiotica complessa in cui il dialogo riflette iconicamente la rilevanza [...]","protected":false},"author":2,"featured_media":0,"parent":256,"menu_order":0,"comment_status":"closed","ping_status":"closed","template":"","meta":{"_et_pb_use_builder":"","_et_pb_old_content":"","_et_gb_content_width":"","footnotes":""},"class_list":["post-788","page","type-page","status-publish","hentry"],"_links":{"self":[{"href":"https:\/\/www.almamaterticinensis.eu\/index.php\/wp-json\/wp\/v2\/pages\/788","targetHints":{"allow":["GET"]}}],"collection":[{"href":"https:\/\/www.almamaterticinensis.eu\/index.php\/wp-json\/wp\/v2\/pages"}],"about":[{"href":"https:\/\/www.almamaterticinensis.eu\/index.php\/wp-json\/wp\/v2\/types\/page"}],"author":[{"embeddable":true,"href":"https:\/\/www.almamaterticinensis.eu\/index.php\/wp-json\/wp\/v2\/users\/2"}],"replies":[{"embeddable":true,"href":"https:\/\/www.almamaterticinensis.eu\/index.php\/wp-json\/wp\/v2\/comments?post=788"}],"version-history":[{"count":1,"href":"https:\/\/www.almamaterticinensis.eu\/index.php\/wp-json\/wp\/v2\/pages\/788\/revisions"}],"predecessor-version":[{"id":789,"href":"https:\/\/www.almamaterticinensis.eu\/index.php\/wp-json\/wp\/v2\/pages\/788\/revisions\/789"}],"up":[{"embeddable":true,"href":"https:\/\/www.almamaterticinensis.eu\/index.php\/wp-json\/wp\/v2\/pages\/256"}],"wp:attachment":[{"href":"https:\/\/www.almamaterticinensis.eu\/index.php\/wp-json\/wp\/v2\/media?parent=788"}],"curies":[{"name":"wp","href":"https:\/\/api.w.org\/{rel}","templated":true}]}}