{"id":755,"date":"2016-06-28T10:15:54","date_gmt":"2016-06-28T10:15:54","guid":{"rendered":"https:\/\/www.almamaterticinensis.eu\/?page_id=755"},"modified":"2016-06-28T16:19:33","modified_gmt":"2016-06-28T16:19:33","slug":"755-2","status":"publish","type":"page","link":"https:\/\/www.almamaterticinensis.eu\/index.php\/attivita\/finanziamenti\/755-2\/","title":{"rendered":"Poli-gamma-glutammato"},"content":{"rendered":"<p>[et_pb_section admin_label=&#8221;section&#8221; fullwidth=&#8221;on&#8221; specialty=&#8221;off&#8221; inner_shadow=&#8221;off&#8221; parallax=&#8221;off&#8221; background_color=&#8221;#2ea3f2&#8243;][et_pb_fullwidth_header admin_label=&#8221;Fullwidth Header&#8221; background_layout=&#8221;dark&#8221; text_orientation=&#8221;left&#8221; header_fullscreen=&#8221;off&#8221; header_scroll_down=&#8221;off&#8221; background_url=&#8221;https:\/\/www.almamaterticinensis.eu\/wp-content\/uploads\/2016\/05\/pagina-interna-1_2.jpg&#8221; parallax=&#8221;off&#8221; parallax_method=&#8221;off&#8221; content_orientation=&#8221;center&#8221; image_orientation=&#8221;center&#8221; custom_button_one=&#8221;off&#8221; button_one_letter_spacing=&#8221;0&#8243; button_one_use_icon=&#8221;default&#8221; button_one_icon_placement=&#8221;right&#8221; button_one_on_hover=&#8221;on&#8221; button_one_letter_spacing_hover=&#8221;0&#8243; custom_button_two=&#8221;off&#8221; button_two_letter_spacing=&#8221;0&#8243; button_two_use_icon=&#8221;default&#8221; button_two_icon_placement=&#8221;right&#8221; button_two_on_hover=&#8221;on&#8221; button_two_letter_spacing_hover=&#8221;0&#8243;] [\/et_pb_fullwidth_header][\/et_pb_section][et_pb_section admin_label=&#8221;section&#8221;][et_pb_row admin_label=&#8221;row&#8221;][et_pb_column type=&#8221;4_4&#8243;][et_pb_text admin_label=&#8221;Text&#8221; background_layout=&#8221;light&#8221; text_orientation=&#8221;left&#8221; use_border_color=&#8221;off&#8221; border_color=&#8221;#ffffff&#8221; border_style=&#8221;solid&#8221;]<\/p>\n<h3>Poli-gamma-glutammato: un materiale biocompatibile e biodegradabile per l&#8217;immobilizzazione di molecole biologicamente attive<\/h3>\n<p>&nbsp;<\/p>\n<h4>Responsabile Scientifico: Prof.ssa Alessandra Albertini<\/h4>\n<p>[\/et_pb_text][\/et_pb_column][\/et_pb_row][et_pb_row admin_label=&#8221;Row&#8221;][et_pb_column type=&#8221;1_2&#8243;][et_pb_video admin_label=&#8221;Video&#8221; src=&#8221;https:\/\/www.youtube.com\/watch?v=ZFsxzI8ostI&#8221;] [\/et_pb_video][\/et_pb_column][et_pb_column type=&#8221;1_2&#8243;][et_pb_text admin_label=&#8221;Text&#8221; background_layout=&#8221;light&#8221; text_orientation=&#8221;left&#8221; use_border_color=&#8221;off&#8221; border_color=&#8221;#ffffff&#8221; border_style=&#8221;solid&#8221;]<\/p>\n<p>L\u2019interesse per i biopolimeri naturali e le loro potenziali applicazioni \u00e8 aumentato di pari passo con l\u2019esigenza di sviluppare processi industriali basati sull\u2019impiego di materiali non tossici, sicuri per la salute e per l\u2019ambiente e ottenibili da risorse rinnovabili.<\/p>\n<p>Il nostro progetto ha preso avvio dall&#8217;isolamento di un ceppo del batterio Bacillus subtilis in grado di produrre poli(\u03b3-glutammato) o \u03b3-PGA.Il nostro progetto ha preso avvio dall&#8217;isolamento di un ceppo del batterio Bacillus subtilis in grado di produrre poli(\u03b3-glutammato) o \u03b3-PGA.<\/p>\n<p>Si tratta di un biopolimero idrosolubile, biodegradabile, addirittura commestibile, con applicazione in molteplici settori biotecnologici.<\/p>\n<p>[\/et_pb_text][\/et_pb_column][\/et_pb_row][et_pb_row admin_label=&#8221;Row&#8221;][et_pb_column type=&#8221;4_4&#8243;][et_pb_text admin_label=&#8221;Text&#8221; background_layout=&#8221;light&#8221; text_orientation=&#8221;left&#8221; use_border_color=&#8221;off&#8221; border_color=&#8221;#ffffff&#8221; border_style=&#8221;solid&#8221;]<\/p>\n<p>A differenza di altri biopolimeri, il \u03b3-PGA si presta a essere modificato per ottenere derivati con caratteristiche chimico-fisiche pi\u00f9 vantaggiose a fini industriali rispetto al precursore naturale, pur preservandone biocompatibilit\u00e0 e biodegradabilit\u00e0. Tuttavia, lo sviluppo di materiali avanzati basati sul \u03b3-PGA \u00e8 limitato dal fatto che il polimero non pu\u00f2 essere ottenuto per sintesi chimica ma esclusivamente per fermentazione batterica, che deve essere quindi ottimizzata.<\/p>\n<p>Le ricerche finanziate dalla FAMT hanno permesso di ottenere ceppi batterici superproduttori di \u03b3-PGA che potranno essere utilizzati per fermentazioni su scala industriale. Parallelamente, \u00e8 stata esplorata una strategia sintetica innovativa per la funzionalizzazione del \u03b3-PGA, usando condizioni di reazione blande ed ecosostenibili.<\/p>\n<p>Questo approccio potr\u00e0 essere applicato alla realizzazione di nuovi materiali biocompositi, utilizzabili nell\u2019ingegneria tissutale o nel packaging biodegradabile, e alla produzione di nanoparticelle come carrier di farmaci e biomolecole.<\/p>\n<p>[\/et_pb_text][\/et_pb_column][\/et_pb_row][\/et_pb_section]<\/p>\n","protected":false},"excerpt":{"rendered":"","protected":false},"author":2,"featured_media":0,"parent":256,"menu_order":0,"comment_status":"closed","ping_status":"closed","template":"","meta":{"_et_pb_use_builder":"on","_et_pb_old_content":"","_et_gb_content_width":"","footnotes":""},"class_list":["post-755","page","type-page","status-publish","hentry"],"_links":{"self":[{"href":"https:\/\/www.almamaterticinensis.eu\/index.php\/wp-json\/wp\/v2\/pages\/755","targetHints":{"allow":["GET"]}}],"collection":[{"href":"https:\/\/www.almamaterticinensis.eu\/index.php\/wp-json\/wp\/v2\/pages"}],"about":[{"href":"https:\/\/www.almamaterticinensis.eu\/index.php\/wp-json\/wp\/v2\/types\/page"}],"author":[{"embeddable":true,"href":"https:\/\/www.almamaterticinensis.eu\/index.php\/wp-json\/wp\/v2\/users\/2"}],"replies":[{"embeddable":true,"href":"https:\/\/www.almamaterticinensis.eu\/index.php\/wp-json\/wp\/v2\/comments?post=755"}],"version-history":[{"count":14,"href":"https:\/\/www.almamaterticinensis.eu\/index.php\/wp-json\/wp\/v2\/pages\/755\/revisions"}],"predecessor-version":[{"id":839,"href":"https:\/\/www.almamaterticinensis.eu\/index.php\/wp-json\/wp\/v2\/pages\/755\/revisions\/839"}],"up":[{"embeddable":true,"href":"https:\/\/www.almamaterticinensis.eu\/index.php\/wp-json\/wp\/v2\/pages\/256"}],"wp:attachment":[{"href":"https:\/\/www.almamaterticinensis.eu\/index.php\/wp-json\/wp\/v2\/media?parent=755"}],"curies":[{"name":"wp","href":"https:\/\/api.w.org\/{rel}","templated":true}]}}