{"id":5301,"date":"2026-05-11T09:28:42","date_gmt":"2026-05-11T09:28:42","guid":{"rendered":"https:\/\/www.almamaterticinensis.eu\/?page_id=5301"},"modified":"2026-05-11T09:30:51","modified_gmt":"2026-05-11T09:30:51","slug":"prof-matteo-alvaro","status":"publish","type":"page","link":"https:\/\/www.almamaterticinensis.eu\/index.php\/chi-siamo\/consiglio-di-amministrazione\/prof-matteo-alvaro\/","title":{"rendered":"prof. Matteo Alvaro"},"content":{"rendered":"<p>Professore Ordinario di Mineralogia e Cristallografia e Prorettore gli Affari Internazionali presso l\u2019Universit\u00e0 di Pavia.<\/p>\n<p>Dal 2024 \u00e8 Presidente del Centro di Ricerca CRISTAL &#8211; &#8220;Centro di Ricerca Interdipartimentale\u00a0sulle Tecnologie e Strategie Organizzative per lo Studio e l\u2019Utilizzo Sostenibile di Minerali, Materiali e Gemme&#8221; presso il quale si conducono ricerche su tematiche di sostenibilit\u00e0 legate a materiali naturali, impatto ambientale di processi e relative strategie di mitigazione\u00a0ed efficientamento.<\/p>\n<p>Dal 2026 \u00e8 Presidente del centro GLOBEC &#8211; &#8220;Center for Global Strategic\u00a0Engagement&#8221; Universit\u00e0 di Pavia di cui \u00e8 stato vice-presidente a partire dal 2019. \u00c8 stato\u00a0delegato del rettore per le relazioni internazionali in Europa dal 2019 al 2025.<\/p>\n<p>Dal 2019 \u00e8 membro eletto del consiglio di presidenza della Societ\u00e0 Italiana di Mineralogia e\u00a0Petrologia e dal 2024 \u00e8 Presidente eletto del Gruppo Nazionale di Mineralogia. Dal 2024 \u00e8\u00a0stato nominato Fellow della <em>Mineralogical Society of America.<\/em><\/p>\n<p>Ha ricevuto numerosi premi e riconoscimenti per le sue attivit\u00e0 di ricerca tra cui la medaglia\u00a0per l\u2019eccellenza nella ricerca scientifica della <em>European Mineralogical Union<\/em> e lo Starting\u00a0Grant dello <em>European Research Council<\/em> (ERC), considerato uno dei pi\u00f9 prestigiosi\u00a0finanziamenti attribuiti a giovani scienziati.<\/p>\n<p>\u00c8 autore di oltre 130 pubblicazioni su riviste internazionali e relatore di oltre 200\u00a0comunicazioni a congressi nazionali e internazionali.<\/p>\n","protected":false},"excerpt":{"rendered":"Professore Ordinario di Mineralogia e Cristallografia e Prorettore gli Affari Internazionali presso l\u2019Universit\u00e0 di Pavia.\r\n\r\nDal 2024 \u00e8 Presidente del Centro di Ricerca CRISTAL - \"Centro di Ricerca Interdipartimentale\u00a0sulle Tecnologie e Strategie [...]","protected":false},"author":2,"featured_media":0,"parent":2714,"menu_order":0,"comment_status":"closed","ping_status":"closed","template":"","meta":{"_et_pb_use_builder":"","_et_pb_old_content":"","_et_gb_content_width":"","footnotes":""},"class_list":["post-5301","page","type-page","status-publish","hentry"],"_links":{"self":[{"href":"https:\/\/www.almamaterticinensis.eu\/index.php\/wp-json\/wp\/v2\/pages\/5301","targetHints":{"allow":["GET"]}}],"collection":[{"href":"https:\/\/www.almamaterticinensis.eu\/index.php\/wp-json\/wp\/v2\/pages"}],"about":[{"href":"https:\/\/www.almamaterticinensis.eu\/index.php\/wp-json\/wp\/v2\/types\/page"}],"author":[{"embeddable":true,"href":"https:\/\/www.almamaterticinensis.eu\/index.php\/wp-json\/wp\/v2\/users\/2"}],"replies":[{"embeddable":true,"href":"https:\/\/www.almamaterticinensis.eu\/index.php\/wp-json\/wp\/v2\/comments?post=5301"}],"version-history":[{"count":1,"href":"https:\/\/www.almamaterticinensis.eu\/index.php\/wp-json\/wp\/v2\/pages\/5301\/revisions"}],"predecessor-version":[{"id":5302,"href":"https:\/\/www.almamaterticinensis.eu\/index.php\/wp-json\/wp\/v2\/pages\/5301\/revisions\/5302"}],"up":[{"embeddable":true,"href":"https:\/\/www.almamaterticinensis.eu\/index.php\/wp-json\/wp\/v2\/pages\/2714"}],"wp:attachment":[{"href":"https:\/\/www.almamaterticinensis.eu\/index.php\/wp-json\/wp\/v2\/media?parent=5301"}],"curies":[{"name":"wp","href":"https:\/\/api.w.org\/{rel}","templated":true}]}}