{"id":500,"date":"2016-06-16T20:57:49","date_gmt":"2016-06-16T20:57:49","guid":{"rendered":"https:\/\/www.almamaterticinensis.eu\/?page_id=500"},"modified":"2024-02-27T11:41:09","modified_gmt":"2024-02-27T11:41:09","slug":"dott-fabio-benasso","status":"publish","type":"page","link":"https:\/\/www.almamaterticinensis.eu\/index.php\/chi-siamo\/consiglio-di-amministrazione\/dott-fabio-benasso\/","title":{"rendered":"dott. Fabio Benasso"},"content":{"rendered":"<p>[et_pb_section fb_built=&#8221;1&#8243; fullwidth=&#8221;on&#8221; admin_label=&#8221;section&#8221; _builder_version=&#8221;4.16&#8243; background_color=&#8221;#2ea3f2&#8243; global_colors_info=&#8221;{}&#8221;][et_pb_fullwidth_header title=&#8221; &#8221; subhead=&#8221; &#8221; content_max_width=&#8221;none&#8221; admin_label=&#8221;Fullwidth Header&#8221; _builder_version=&#8221;4.16&#8243; background_color=&#8221;rgba(255, 255, 255, 0)&#8221; background_image=&#8221;https:\/\/www.almamaterticinensis.eu\/wp-content\/uploads\/2016\/05\/box1.jpg&#8221; background_url=&#8221;https:\/\/www.almamaterticinensis.eu\/wp-content\/uploads\/2016\/05\/box1.jpg&#8221; button_one_letter_spacing_hover=&#8221;0&#8243; button_two_letter_spacing_hover=&#8221;0&#8243; global_colors_info=&#8221;{}&#8221; button_one_text_size__hover_enabled=&#8221;off&#8221; button_two_text_size__hover_enabled=&#8221;off&#8221; button_one_text_color__hover_enabled=&#8221;off&#8221; button_two_text_color__hover_enabled=&#8221;off&#8221; button_one_border_width__hover_enabled=&#8221;off&#8221; button_two_border_width__hover_enabled=&#8221;off&#8221; button_one_border_color__hover_enabled=&#8221;off&#8221; button_two_border_color__hover_enabled=&#8221;off&#8221; button_one_border_radius__hover_enabled=&#8221;off&#8221; button_two_border_radius__hover_enabled=&#8221;off&#8221; button_one_letter_spacing__hover_enabled=&#8221;on&#8221; button_one_letter_spacing__hover=&#8221;0&#8243; button_two_letter_spacing__hover_enabled=&#8221;on&#8221; button_two_letter_spacing__hover=&#8221;0&#8243; button_one_bg_color__hover_enabled=&#8221;off&#8221; button_two_bg_color__hover_enabled=&#8221;off&#8221;][\/et_pb_fullwidth_header][\/et_pb_section][et_pb_section fb_built=&#8221;1&#8243; admin_label=&#8221;section&#8221; _builder_version=&#8221;4.16&#8243; global_colors_info=&#8221;{}&#8221;][et_pb_row admin_label=&#8221;row&#8221; _builder_version=&#8221;4.16&#8243; background_size=&#8221;initial&#8221; background_position=&#8221;top_left&#8221; background_repeat=&#8221;repeat&#8221; collapsed=&#8221;off&#8221; global_colors_info=&#8221;{}&#8221;][et_pb_column type=&#8221;4_4&#8243; _builder_version=&#8221;4.16&#8243; custom_padding=&#8221;|||&#8221; global_colors_info=&#8221;{}&#8221; custom_padding__hover=&#8221;|||&#8221;][et_pb_post_title meta=&#8221;off&#8221; featured_image=&#8221;off&#8221; admin_label=&#8221;Post Title&#8221; _builder_version=&#8221;4.16&#8243; title_all_caps=&#8221;off&#8221; background_color=&#8221;rgba(255,255,255,0)&#8221; parallax=&#8221;on&#8221; parallax_method=&#8221;off&#8221; parallax_effect=&#8221;on&#8221; module_bg_color=&#8221;rgba(255,255,255,0)&#8221; use_border_color=&#8221;off&#8221; border_color=&#8221;#ffffff&#8221; border_style=&#8221;solid&#8221; global_colors_info=&#8221;{}&#8221;][\/et_pb_post_title][et_pb_text admin_label=&#8221;Text&#8221; _builder_version=&#8221;4.19.4&#8243; background_size=&#8221;initial&#8221; background_position=&#8221;top_left&#8221; background_repeat=&#8221;repeat&#8221; hover_enabled=&#8221;0&#8243; use_border_color=&#8221;off&#8221; border_color=&#8221;#ffffff&#8221; border_style=&#8221;solid&#8221; global_colors_info=&#8221;{}&#8221; sticky_enabled=&#8221;0&#8243;]<\/p>\n<p><span class=\"Apple-converted-space\">\u00a0<\/span>Nato nel 1959, si \u00e8 laureato con lode in Economia e Commercio all&#8217;Universit\u00e0 di Pavia.<span class=\"Apple-converted-space\">\u00a0<\/span><\/p>\n<p>Entrato in Accenture nel 1984, da settembre 2006 a settembre 2021 \u00e8 stato Amministratore Delegato di Accenture Italia e Geographic Unit Senior Managing Director della Regione IGEM nonch\u00e9 membro del Global Leadership Council di Accenture International B.V.<span class=\"Apple-converted-space\">\u00a0<\/span><\/p>\n<p>\u00c8 Presidente di Accenture Italia da luglio del 2013 e, da settembre 2021, Advisor to the Chair and CEO e membro del Comitato Esecutivo di Accenture International BV.<span class=\"Apple-converted-space\">\u00a0<\/span><\/p>\n<p>In Assolombarda Confindustria Milano Monza e Brianza, ha rivestito l\u2019incarico di Consigliere Delegato per Expo e di Consigliere Delegato per Milano Post Expo oltre ad essere stato Vice Presidente con Delega alla Semplificazione. Attualmente \u00e8 membro del Consiglio Direttivo e del Consiglio Generale.<span class=\"Apple-converted-space\">\u00a0<\/span><\/p>\n<p>Oltre ad essere membro del Consiglio Generale di Confindustria, \u00e8 componente del Consiglio di Presidenza e del Consiglio Generale della Federazione Confindustria Digitale e del Consiglio Generale di Anitec-Assinform.<span class=\"Apple-converted-space\">\u00a0<\/span><\/p>\n<p>\u00c8 membro del Consiglio di Amministrazione di American Chamber of Commerce in Italy e da giugno 2018 fino a settembre 2021 \u00e8 stato Vicepresidente. Nel 2014 ha assunto la Presidenza del Comitato di Sostenibilit\u00e0.<span class=\"Apple-converted-space\">\u00a0<\/span><\/p>\n<p>\u00c8 socio di Aspen Institute in Italia e membro del Consiglio per le Relazioni tra Italia e Stati Uniti.<span class=\"Apple-converted-space\">\u00a0<\/span><\/p>\n<p>Da dicembre 2014 \u00e8 membro del Consiglio di Amministrazione della Fondazione Alma Mater Ticinensis (Universit\u00e0 di Pavia) ed \u00e8 membro del Consiglio di Amministrazione e di Sorveglianza della Scuola Universitaria Superiore IUSS (Pavia).<span class=\"Apple-converted-space\">\u00a0<\/span><\/p>\n<p>Da fine marzo 2022 \u00e8 Responsabile Scientifico della Fondazione LGH del Gruppo a2a.<span class=\"Apple-converted-space\">\u00a0<\/span><\/p>\n<p>\u00c8 Presidente di FIA \u2013 Fondazione Italiana Accenture da marzo 2023.<span class=\"Apple-converted-space\">\u00a0<\/span><\/p>\n<p>[\/et_pb_text][\/et_pb_column][\/et_pb_row][\/et_pb_section]<\/p>\n","protected":false},"excerpt":{"rendered":"","protected":false},"author":1,"featured_media":0,"parent":2714,"menu_order":0,"comment_status":"closed","ping_status":"closed","template":"","meta":{"_et_pb_use_builder":"on","_et_pb_old_content":"","_et_gb_content_width":"","footnotes":""},"class_list":["post-500","page","type-page","status-publish","hentry"],"_links":{"self":[{"href":"https:\/\/www.almamaterticinensis.eu\/index.php\/wp-json\/wp\/v2\/pages\/500","targetHints":{"allow":["GET"]}}],"collection":[{"href":"https:\/\/www.almamaterticinensis.eu\/index.php\/wp-json\/wp\/v2\/pages"}],"about":[{"href":"https:\/\/www.almamaterticinensis.eu\/index.php\/wp-json\/wp\/v2\/types\/page"}],"author":[{"embeddable":true,"href":"https:\/\/www.almamaterticinensis.eu\/index.php\/wp-json\/wp\/v2\/users\/1"}],"replies":[{"embeddable":true,"href":"https:\/\/www.almamaterticinensis.eu\/index.php\/wp-json\/wp\/v2\/comments?post=500"}],"version-history":[{"count":13,"href":"https:\/\/www.almamaterticinensis.eu\/index.php\/wp-json\/wp\/v2\/pages\/500\/revisions"}],"predecessor-version":[{"id":4745,"href":"https:\/\/www.almamaterticinensis.eu\/index.php\/wp-json\/wp\/v2\/pages\/500\/revisions\/4745"}],"up":[{"embeddable":true,"href":"https:\/\/www.almamaterticinensis.eu\/index.php\/wp-json\/wp\/v2\/pages\/2714"}],"wp:attachment":[{"href":"https:\/\/www.almamaterticinensis.eu\/index.php\/wp-json\/wp\/v2\/media?parent=500"}],"curies":[{"name":"wp","href":"https:\/\/api.w.org\/{rel}","templated":true}]}}