{"id":496,"date":"2016-06-16T20:56:14","date_gmt":"2016-06-16T20:56:14","guid":{"rendered":"https:\/\/www.almamaterticinensis.eu\/?page_id=496"},"modified":"2020-06-23T16:36:58","modified_gmt":"2020-06-23T16:36:58","slug":"prof-ssa-maria-giovanna-ruberto","status":"publish","type":"page","link":"https:\/\/www.almamaterticinensis.eu\/index.php\/chi-siamo\/consiglio-di-amministrazione\/prof-ssa-maria-giovanna-ruberto\/","title":{"rendered":"Prof.ssa Maria Giovanna Ruberto"},"content":{"rendered":"<p>[et_pb_section fb_built=&#8221;1&#8243; fullwidth=&#8221;on&#8221; admin_label=&#8221;section&#8221; _builder_version=&#8221;3.22&#8243; background_color=&#8221;#2ea3f2&#8243;][et_pb_fullwidth_header title=&#8221;\u00a0&#8221; subhead=&#8221;\u00a0&#8221; content_max_width=&#8221;none&#8221; admin_label=&#8221;Fullwidth Header&#8221; _builder_version=&#8221;3.16&#8243; background_color=&#8221;rgba(255, 255, 255, 0)&#8221; background_image=&#8221;https:\/\/www.almamaterticinensis.eu\/wp-content\/uploads\/2016\/05\/box1.jpg&#8221; background_url=&#8221;https:\/\/www.almamaterticinensis.eu\/wp-content\/uploads\/2016\/05\/box1.jpg&#8221; button_one_letter_spacing_hover=&#8221;0&#8243; button_two_letter_spacing_hover=&#8221;0&#8243; button_one_text_size__hover_enabled=&#8221;off&#8221; button_two_text_size__hover_enabled=&#8221;off&#8221; button_one_text_color__hover_enabled=&#8221;off&#8221; button_two_text_color__hover_enabled=&#8221;off&#8221; button_one_border_width__hover_enabled=&#8221;off&#8221; button_two_border_width__hover_enabled=&#8221;off&#8221; button_one_border_color__hover_enabled=&#8221;off&#8221; button_two_border_color__hover_enabled=&#8221;off&#8221; button_one_border_radius__hover_enabled=&#8221;off&#8221; button_two_border_radius__hover_enabled=&#8221;off&#8221; button_one_letter_spacing__hover_enabled=&#8221;on&#8221; button_one_letter_spacing__hover=&#8221;0&#8243; button_two_letter_spacing__hover_enabled=&#8221;on&#8221; button_two_letter_spacing__hover=&#8221;0&#8243; button_one_bg_color__hover_enabled=&#8221;off&#8221; button_two_bg_color__hover_enabled=&#8221;off&#8221;][\/et_pb_fullwidth_header][\/et_pb_section][et_pb_section fb_built=&#8221;1&#8243; admin_label=&#8221;section&#8221; _builder_version=&#8221;3.22&#8243;][et_pb_row admin_label=&#8221;row&#8221; _builder_version=&#8221;3.25&#8243; background_size=&#8221;initial&#8221; background_position=&#8221;top_left&#8221; background_repeat=&#8221;repeat&#8221;][et_pb_column type=&#8221;4_4&#8243; _builder_version=&#8221;3.25&#8243; custom_padding=&#8221;|||&#8221; custom_padding__hover=&#8221;|||&#8221;][et_pb_post_title meta=&#8221;off&#8221; featured_image=&#8221;off&#8221; admin_label=&#8221;Post Title&#8221; _builder_version=&#8221;3.0.87&#8243; title_all_caps=&#8221;off&#8221; background_color=&#8221;rgba(255,255,255,0)&#8221; parallax=&#8221;on&#8221; parallax_method=&#8221;off&#8221; parallax_effect=&#8221;on&#8221; module_bg_color=&#8221;rgba(255,255,255,0)&#8221; use_border_color=&#8221;off&#8221; border_color=&#8221;#ffffff&#8221; border_style=&#8221;solid&#8221;][\/et_pb_post_title][et_pb_text admin_label=&#8221;Text&#8221; _builder_version=&#8221;3.27.4&#8243; background_size=&#8221;initial&#8221; background_position=&#8221;top_left&#8221; background_repeat=&#8221;repeat&#8221; use_border_color=&#8221;off&#8221; border_color=&#8221;#ffffff&#8221; border_style=&#8221;solid&#8221;]Professore Associato di Bioetica presso la Facolt\u00e0 di Medicina e Chirurgia dell\u2019Universit\u00e0 di Pavia.<\/p>\n<p>Settori di ricerca: etica delle nuove tecnologie , Etica della Internet medicine e Narrative Ethics.<\/p>\n<p>Laureata con Lode presso la Facolt\u00e0 di Medicina e Chirurgia dell\u2019Universit\u00e0 di Pavia nel 1975, specializzata in Medicina Interna nel 1980. Ha svolto attivit\u00e0 prevalentemente clinica negli anni successivi al conseguimento della laurea. A partire dal giugno 1980, trascorre un anno in qualit\u00e0 di Visiting Professor presso il Department of Molecular Immunology &#8211; Scripps Clinic and Foundation Research, La Jolla, CA, USA, dedicandosi  in particolare al sequenziamento dei  recettori del melanoma e della fibronectina. Nel 1983 trascorre sei mesi come Visiting Professor presso il Department of Pathology della Columbia University, NY. Nel 1988 diventa professore associato di Immunologia presso l\u2019Universit\u00e0 di Pavia.<br \/>\nNel 1987 viene indicata quale rappresentante del Ministero del Lavoro nel Consiglio di Amministrazione dell\u2019IRCCS  \u201cIstituto nazionale per la Ricerca sul  cancro\u201d di Genova. Nel 1992 durante un soggiorno di lavoro di alcuni mesi presso l\u2019Universit\u00e0 di Charleston (SC) inizia a seguire l\u2019attivit\u00e0 del locale Center for  Clinical  Ethics.<\/p>\n<p>Nel 1993 diventa Presidente dell\u2019ESAE, carica che ricopre fino al 1998. Nel 1994 entra a far parte della Commissione Oncologica nazionale. Nel 2003 chiede ed ottiene un trasferimento di raggruppamento disciplinare dall\u2019Immunologia alla Bioetica, dedicandosi  interamente a questa materia.<\/p>\n<p>Ha partecipato alla valutazione dei progetti europei nell\u2019ambito del VI Programma Quadro ed ora del VII Programma Quadro, occupandosi prevalentemente degli aspetti etici legati all\u2019applicazione delle biotecnologie e delle nanotecnologie.  Opera inoltre come Ethical External Advisor in 5 progetti gi\u00e0 finanziati. Rappresenta l\u2019Italia  in un International Bioethics Consortium che comprende esponenti di 40 Universit\u00e0.<\/p>\n<p>Fa parte delle pi\u00f9 importanti societ\u00e0 scientifiche correlate alla materia e svolge attivit\u00e0 come referee per due riviste internazionali indicizzate (American Journal of Bioethics e Journal of Feminist Approach to Bioetichs). Dal 2003 dirige il Centro di Bioetica dell\u2019Universit\u00e0 di Pavia ed \u00e8 responsabile per l\u2019Italia del Fab (Feminist Approach to Bioethics), gruppo di lavoro della International Society of Bioethics.<br \/>\nHa partecipato nel 2007 alla costituzione della Fondazione Zo\u00e8 per la Comunicazione della Salute e fa parte del correlato Comitato Scientifico.<br \/>\n[\/et_pb_text][\/et_pb_column][\/et_pb_row][\/et_pb_section]<\/p>\n","protected":false},"excerpt":{"rendered":"","protected":false},"author":1,"featured_media":0,"parent":2714,"menu_order":0,"comment_status":"closed","ping_status":"closed","template":"","meta":{"_et_pb_use_builder":"on","_et_pb_old_content":"","_et_gb_content_width":"","footnotes":""},"class_list":["post-496","page","type-page","status-publish","hentry"],"_links":{"self":[{"href":"https:\/\/www.almamaterticinensis.eu\/index.php\/wp-json\/wp\/v2\/pages\/496","targetHints":{"allow":["GET"]}}],"collection":[{"href":"https:\/\/www.almamaterticinensis.eu\/index.php\/wp-json\/wp\/v2\/pages"}],"about":[{"href":"https:\/\/www.almamaterticinensis.eu\/index.php\/wp-json\/wp\/v2\/types\/page"}],"author":[{"embeddable":true,"href":"https:\/\/www.almamaterticinensis.eu\/index.php\/wp-json\/wp\/v2\/users\/1"}],"replies":[{"embeddable":true,"href":"https:\/\/www.almamaterticinensis.eu\/index.php\/wp-json\/wp\/v2\/comments?post=496"}],"version-history":[{"count":3,"href":"https:\/\/www.almamaterticinensis.eu\/index.php\/wp-json\/wp\/v2\/pages\/496\/revisions"}],"predecessor-version":[{"id":3790,"href":"https:\/\/www.almamaterticinensis.eu\/index.php\/wp-json\/wp\/v2\/pages\/496\/revisions\/3790"}],"up":[{"embeddable":true,"href":"https:\/\/www.almamaterticinensis.eu\/index.php\/wp-json\/wp\/v2\/pages\/2714"}],"wp:attachment":[{"href":"https:\/\/www.almamaterticinensis.eu\/index.php\/wp-json\/wp\/v2\/media?parent=496"}],"curies":[{"name":"wp","href":"https:\/\/api.w.org\/{rel}","templated":true}]}}