{"id":490,"date":"2016-06-16T20:50:47","date_gmt":"2016-06-16T20:50:47","guid":{"rendered":"https:\/\/www.almamaterticinensis.eu\/?page_id=490"},"modified":"2023-05-12T07:55:33","modified_gmt":"2023-05-12T07:55:33","slug":"vittorio-poma","status":"publish","type":"page","link":"https:\/\/www.almamaterticinensis.eu\/index.php\/chi-siamo\/consiglio-di-amministrazione\/vittorio-poma\/","title":{"rendered":"prof. Vittorio Poma"},"content":{"rendered":"<p>[et_pb_section fb_built=&#8221;1&#8243; fullwidth=&#8221;on&#8221; admin_label=&#8221;section&#8221; _builder_version=&#8221;4.16&#8243; background_color=&#8221;#2ea3f2&#8243; global_colors_info=&#8221;{}&#8221;][et_pb_fullwidth_header title=&#8221; &#8221; subhead=&#8221; &#8221; content_max_width=&#8221;none&#8221; admin_label=&#8221;Fullwidth Header&#8221; _builder_version=&#8221;4.16&#8243; background_color=&#8221;rgba(255, 255, 255, 0)&#8221; background_image=&#8221;https:\/\/www.almamaterticinensis.eu\/wp-content\/uploads\/2016\/05\/box1.jpg&#8221; background_url=&#8221;https:\/\/www.almamaterticinensis.eu\/wp-content\/uploads\/2016\/05\/box1.jpg&#8221; button_one_letter_spacing_hover=&#8221;0&#8243; button_two_letter_spacing_hover=&#8221;0&#8243; global_colors_info=&#8221;{}&#8221; button_one_text_size__hover_enabled=&#8221;off&#8221; button_two_text_size__hover_enabled=&#8221;off&#8221; button_one_text_color__hover_enabled=&#8221;off&#8221; button_two_text_color__hover_enabled=&#8221;off&#8221; button_one_border_width__hover_enabled=&#8221;off&#8221; button_two_border_width__hover_enabled=&#8221;off&#8221; button_one_border_color__hover_enabled=&#8221;off&#8221; button_two_border_color__hover_enabled=&#8221;off&#8221; button_one_border_radius__hover_enabled=&#8221;off&#8221; button_two_border_radius__hover_enabled=&#8221;off&#8221; button_one_letter_spacing__hover_enabled=&#8221;on&#8221; button_one_letter_spacing__hover=&#8221;0&#8243; button_two_letter_spacing__hover_enabled=&#8221;on&#8221; button_two_letter_spacing__hover=&#8221;0&#8243; button_one_bg_color__hover_enabled=&#8221;off&#8221; button_two_bg_color__hover_enabled=&#8221;off&#8221;] [\/et_pb_fullwidth_header][\/et_pb_section][et_pb_section fb_built=&#8221;1&#8243; admin_label=&#8221;section&#8221; _builder_version=&#8221;4.16&#8243; global_colors_info=&#8221;{}&#8221;][et_pb_row admin_label=&#8221;row&#8221; _builder_version=&#8221;4.16&#8243; background_size=&#8221;initial&#8221; background_position=&#8221;top_left&#8221; background_repeat=&#8221;repeat&#8221; global_colors_info=&#8221;{}&#8221;][et_pb_column type=&#8221;4_4&#8243; _builder_version=&#8221;4.16&#8243; custom_padding=&#8221;|||&#8221; global_colors_info=&#8221;{}&#8221; custom_padding__hover=&#8221;|||&#8221;][et_pb_post_title meta=&#8221;off&#8221; featured_image=&#8221;off&#8221; admin_label=&#8221;Post Title&#8221; _builder_version=&#8221;4.16&#8243; title_all_caps=&#8221;off&#8221; background_color=&#8221;rgba(255,255,255,0)&#8221; parallax=&#8221;on&#8221; parallax_method=&#8221;off&#8221; parallax_effect=&#8221;on&#8221; module_bg_color=&#8221;rgba(255,255,255,0)&#8221; use_border_color=&#8221;off&#8221; border_color=&#8221;#ffffff&#8221; border_style=&#8221;solid&#8221; global_colors_info=&#8221;{}&#8221;] [\/et_pb_post_title][et_pb_text admin_label=&#8221;Text&#8221; _builder_version=&#8221;4.19.4&#8243; background_size=&#8221;initial&#8221; background_position=&#8221;top_left&#8221; background_repeat=&#8221;repeat&#8221; hover_enabled=&#8221;0&#8243; use_border_color=&#8221;off&#8221; border_color=&#8221;#ffffff&#8221; border_style=&#8221;solid&#8221; global_colors_info=&#8221;{}&#8221; sticky_enabled=&#8221;0&#8243;]<\/p>\n<p>Vittorio Poma \u00e8 nato a Pavia il 15 aprile 1958. \u00c8 docente di Storia e Cinema nel Dipartimento di Scienze Politiche e Sociali dell\u2019Universit\u00e0 di Pavia.<\/p>\n<p>Ha svolto attivit\u00e0 didattica nell\u2019ambito del corso di Storia dei partiti e dei movimenti politici occupandosi, in particolare, della storia italiana dal dopoguerra agli anni \u201970. Ha pubblicato saggi e articoli collaborando con le riviste Il Politico e Nuova Antologia. E\u2019 autore del volume \u201cUna maestra fra i socialisti. L\u2019itinerario politico di Maria Giudice\u201d, Laterza, Roma-Bari.<\/p>\n<div>\u00c8 responsabile dei tirocini formativi e delle relazioni esterne del Corso di laurea interdipartimentale CIM \u2013 Comunicazione, Innovazione, Multimedialit\u00e0 e Responsabile dei tirocini formativi e del corso di laurea in Scienze Politiche e delle Relazioni Internazionali.<\/div>\n<p>Ha maturato una lunga esperienza nel campo della pubblica amministrazione.<br \/>Nel 1978, a 19 anni, \u00e8 stato eletto consigliere della Provincia di Pavia, pi\u00f9 giovane consigliere provinciale d&#8217;Italia. Per due legislature dal 1978 al 1988 \u00e8 stato componente delle commissioni provinciali Pubblica Istruzione, Cultura ed Ecologia. Nel 1988 \u00e8 stato rieletto consigliere provinciale, ricoprendo la carica di Assessore al Personale e ai Servizi Sociali.<\/p>\n<p>Prima Vice Presidente e poi Presidente della commissione di revisione dello Statuto del Comune di Pavia, ha partecipato all&#8217;adeguamento dei principali istituti di autonomia regolamentare dell\u2019Ente.<\/p>\n<p>Assessore Provinciale ai Lavori Pubblici, Viabilit\u00e0 e Edilizia Scolastica dal 1997 al 2001 dopo le elezioni amministrative di maggio ha assunto la responsabilit\u00e0 delle Politiche delle Risorse Umane, Formazione, Lavoro e Sviluppo. Nell&#8217;ambito delle politiche formative \u00e9 stato promotore di numerosi progetti di aggiornamento e qualificazione professionale del personale degli enti locali. Ha sostenuto la costituzione della Fondazione Gian Domenico Romagnosi di cui \u00e9 stato vice-Presidente e componente del consiglio di amministrazione.<\/p>\n<p>Nel maggio del 2006 \u00e8 stato eletto Presidente della Provincia di Pavia, carica che ha mantenuto fino al 2011 insieme a quella di Vice Presidente dell\u2019Unione delle Province Lombarde. Nel 2007 \u00e9 stato Presidente della societ\u00e0 Polo Logistico Integrato di Mortara spa, ha fatto parte del consiglio di amministrazione della societ\u00e0 Polo Tecnologico Servizi srl di Pavia, e del Gal Alto Oltrepo. \u00c9 stato co-Presidente del Tavolo Territoriale di Coordinamento per la predisposizione e l&#8217;attuazione degli interventi previsti dall&#8217;Accordo Quadro di Sviluppo Territoriale (AQST), strumento di programmazione negoziata di Regione Lombardia.<\/p>\n<p>Dal 2011 al 2016 \u00e8 stato Presidente del Consiglio Provinciale di Pavia.<\/p>\n<p>Dal settembre 2016 al dicembre 2021 ha ricoperto l&#8217;incarico di Presidente della Provincia di Pavia.<\/p>\n<p>Dal 2018 al 2021 \u00a0\u00e8 stato Presidente dell\u2019Unione Province Lombarde.<\/p>\n<p>Dal 2021 \u00e8 componente del Comitato esecutivo di Unioncamere.<\/p>\n<p>Dall&#8217;aprile 2023 \u00e8 membro del Consiglio Superiore dello Spettacolo, istituito presso il Ministero della Cultura.<\/p>\n<p>&nbsp;<\/p>\n<p>[\/et_pb_text][\/et_pb_column][\/et_pb_row][\/et_pb_section]<\/p>\n","protected":false},"excerpt":{"rendered":"","protected":false},"author":1,"featured_media":0,"parent":2714,"menu_order":0,"comment_status":"closed","ping_status":"closed","template":"","meta":{"_et_pb_use_builder":"on","_et_pb_old_content":"","_et_gb_content_width":"","footnotes":""},"class_list":["post-490","page","type-page","status-publish","hentry"],"_links":{"self":[{"href":"https:\/\/www.almamaterticinensis.eu\/index.php\/wp-json\/wp\/v2\/pages\/490","targetHints":{"allow":["GET"]}}],"collection":[{"href":"https:\/\/www.almamaterticinensis.eu\/index.php\/wp-json\/wp\/v2\/pages"}],"about":[{"href":"https:\/\/www.almamaterticinensis.eu\/index.php\/wp-json\/wp\/v2\/types\/page"}],"author":[{"embeddable":true,"href":"https:\/\/www.almamaterticinensis.eu\/index.php\/wp-json\/wp\/v2\/users\/1"}],"replies":[{"embeddable":true,"href":"https:\/\/www.almamaterticinensis.eu\/index.php\/wp-json\/wp\/v2\/comments?post=490"}],"version-history":[{"count":11,"href":"https:\/\/www.almamaterticinensis.eu\/index.php\/wp-json\/wp\/v2\/pages\/490\/revisions"}],"predecessor-version":[{"id":4487,"href":"https:\/\/www.almamaterticinensis.eu\/index.php\/wp-json\/wp\/v2\/pages\/490\/revisions\/4487"}],"up":[{"embeddable":true,"href":"https:\/\/www.almamaterticinensis.eu\/index.php\/wp-json\/wp\/v2\/pages\/2714"}],"wp:attachment":[{"href":"https:\/\/www.almamaterticinensis.eu\/index.php\/wp-json\/wp\/v2\/media?parent=490"}],"curies":[{"name":"wp","href":"https:\/\/api.w.org\/{rel}","templated":true}]}}