{"id":4436,"date":"2023-05-11T07:55:26","date_gmt":"2023-05-11T07:55:26","guid":{"rendered":"https:\/\/www.almamaterticinensis.eu\/?page_id=4436"},"modified":"2023-05-11T07:55:28","modified_gmt":"2023-05-11T07:55:28","slug":"prof-alessandro-dadda","status":"publish","type":"page","link":"https:\/\/www.almamaterticinensis.eu\/index.php\/chi-siamo\/consiglio-di-amministrazione\/prof-alessandro-dadda\/","title":{"rendered":"prof. Alessandro D&#8217;Adda"},"content":{"rendered":"<p>[et_pb_section fb_built=&#8221;1&#8243; fullwidth=&#8221;on&#8221; admin_label=&#8221;section&#8221; _builder_version=&#8221;4.16&#8243; background_color=&#8221;#2ea3f2&#8243; global_colors_info=&#8221;{}&#8221;][et_pb_fullwidth_header title=&#8221; &#8221; subhead=&#8221; &#8221; content_max_width=&#8221;none&#8221; admin_label=&#8221;Fullwidth Header&#8221; _builder_version=&#8221;4.16&#8243; background_color=&#8221;rgba(255, 255, 255, 0)&#8221; background_image=&#8221;https:\/\/www.almamaterticinensis.eu\/wp-content\/uploads\/2016\/05\/box1.jpg&#8221; background_url=&#8221;https:\/\/www.almamaterticinensis.eu\/wp-content\/uploads\/2016\/05\/box1.jpg&#8221; button_one_letter_spacing_hover=&#8221;0&#8243; button_two_letter_spacing_hover=&#8221;0&#8243; global_colors_info=&#8221;{}&#8221; button_one_text_size__hover_enabled=&#8221;off&#8221; button_two_text_size__hover_enabled=&#8221;off&#8221; button_one_text_color__hover_enabled=&#8221;off&#8221; button_two_text_color__hover_enabled=&#8221;off&#8221; button_one_border_width__hover_enabled=&#8221;off&#8221; button_two_border_width__hover_enabled=&#8221;off&#8221; button_one_border_color__hover_enabled=&#8221;off&#8221; button_two_border_color__hover_enabled=&#8221;off&#8221; button_one_border_radius__hover_enabled=&#8221;off&#8221; button_two_border_radius__hover_enabled=&#8221;off&#8221; button_one_letter_spacing__hover_enabled=&#8221;on&#8221; button_one_letter_spacing__hover=&#8221;0&#8243; button_two_letter_spacing__hover_enabled=&#8221;on&#8221; button_two_letter_spacing__hover=&#8221;0&#8243; button_one_bg_color__hover_enabled=&#8221;off&#8221; button_two_bg_color__hover_enabled=&#8221;off&#8221;] [\/et_pb_fullwidth_header][\/et_pb_section][et_pb_section fb_built=&#8221;1&#8243; admin_label=&#8221;section&#8221; _builder_version=&#8221;4.16&#8243; global_colors_info=&#8221;{}&#8221;][et_pb_row admin_label=&#8221;row&#8221; _builder_version=&#8221;4.16&#8243; background_size=&#8221;initial&#8221; background_position=&#8221;top_left&#8221; background_repeat=&#8221;repeat&#8221; global_colors_info=&#8221;{}&#8221;][et_pb_column type=&#8221;4_4&#8243; _builder_version=&#8221;4.16&#8243; custom_padding=&#8221;|||&#8221; global_colors_info=&#8221;{}&#8221; custom_padding__hover=&#8221;|||&#8221;][et_pb_post_title meta=&#8221;off&#8221; featured_image=&#8221;off&#8221; admin_label=&#8221;Post Title&#8221; _builder_version=&#8221;4.16&#8243; title_all_caps=&#8221;off&#8221; background_color=&#8221;rgba(255,255,255,0)&#8221; parallax=&#8221;on&#8221; parallax_method=&#8221;off&#8221; parallax_effect=&#8221;on&#8221; module_bg_color=&#8221;rgba(255,255,255,0)&#8221; use_border_color=&#8221;off&#8221; border_color=&#8221;#ffffff&#8221; border_style=&#8221;solid&#8221; global_colors_info=&#8221;{}&#8221;] [\/et_pb_post_title][et_pb_text admin_label=&#8221;Text&#8221; _builder_version=&#8221;4.19.4&#8243; background_size=&#8221;initial&#8221; background_position=&#8221;top_left&#8221; background_repeat=&#8221;repeat&#8221; hover_enabled=&#8221;0&#8243; use_border_color=&#8221;off&#8221; border_color=&#8221;#ffffff&#8221; border_style=&#8221;solid&#8221; global_colors_info=&#8221;{}&#8221; sticky_enabled=&#8221;0&#8243;]<\/p>\n<p>Alessandro D&#8217;Adda (Brescia, 1969) si \u00e8 laureato con lode in Giurisprudenza nell&#8217;Universit\u00e0 di Pavia nel 1993.\u00a0<\/p>\n<p>Dottore di ricerca in Diritto civile nell&#8217;Universit\u00e0 di Ferrara (2000), \u00e8 stato poi (dal 2001 al 2004)\u00a0ricercatore universitario di Diritto privato nella Facolt\u00e0 di Giurisprudenza dell&#8217;Universit\u00e0 di Pavia.<\/p>\n<p>Dall&#8217;ottobre 2004 \u00e8 professore di diritto privato nella Facolt\u00e0 di Economia dell&#8217;Universit\u00e0 Cattolica, sede di Milano, prima come professore associato e poi &#8211; dopo essere risultato vincitore nel giugno del\u00a02010 di un concorso indetto dall&#8217;Universit\u00e0 di Milano Bicocca &#8211; come professore ordinario.<\/p>\n<p>E&#8217; altres\u00ec docente di Diritto civile (diritto delle obbligazioni &#8211; diritti reali) nella Scuola di specializzazione delle professione legali dell&#8217;universit\u00e0 Cattolica e di quella delle Universit\u00e0 di Pavia e Bocconi.<\/p>\n<p>E&#8217; condirettore della <em>Rivista di diritto civile<\/em> e di Pactum<em>, Rivista di diritto dei contratti <\/em>nonch\u00e9 componente del Comitato editoriale de <em>La\u00a0Nuova giurisprudenza civile commentatata.<\/em><\/p>\n<p>E&#8217; componente <em>del <\/em>Comitato Scientifico della Rivista <em>Osservatorio del diritto civile e commerciale <\/em>(Il Mulino,\u00a0Bologna,\u00a02012)\u00a0e della direzione della collane di monografie <em>Argomenti del diritto civile (<\/em>Pacini Giuridica);\u00a0<em>Cultura giuridica e rapporti civili<\/em> (ESI, Napoli) nonch\u00e9 del Comitato scientifico\u00a0dei revisori delle riviste <em>Responsabilit\u00e0 civile e previdenza<\/em> (Giuffr\u00e9, Milano), <em>Jus civile<\/em> (Giappichelli, Torino) e della Rivista <em>Ricerche Giuridiche <\/em>delle<em> Edizioni C\u00e0 Foscari<\/em>.\u00a0\u00a0<\/p>\n<p class=\"ql-align-justify\">E&#8217; membro del Collegio dei docenti del Dottorato di ricerca in &#8220;Diritto privato, diritto romano e cultura giuridica europea&#8221; dell&#8217;Universit\u00e0 di Pavia.<\/p>\n<p>E&#8217; socio corrispondente dell&#8217;Istituto Lombardo Accademia di Scienze e Lettere .<\/p>\n<p>E&#8217; componente del CdA della Fondazione Banca del monte di Lombardia<\/p>\n<p>Dal novembre 2012 \u00e8 Direttore del Dipartimento di diritto privato e pubblico dell&#8217;Economia dell&#8217;Universit\u00e0 Cattolica di Milano.\u00a0\u00a0<\/p>\n<p>[\/et_pb_text][\/et_pb_column][\/et_pb_row][\/et_pb_section]<\/p>\n","protected":false},"excerpt":{"rendered":"","protected":false},"author":2,"featured_media":0,"parent":2714,"menu_order":0,"comment_status":"closed","ping_status":"closed","template":"","meta":{"_et_pb_use_builder":"on","_et_pb_old_content":"","_et_gb_content_width":"","footnotes":""},"class_list":["post-4436","page","type-page","status-publish","hentry"],"_links":{"self":[{"href":"https:\/\/www.almamaterticinensis.eu\/index.php\/wp-json\/wp\/v2\/pages\/4436","targetHints":{"allow":["GET"]}}],"collection":[{"href":"https:\/\/www.almamaterticinensis.eu\/index.php\/wp-json\/wp\/v2\/pages"}],"about":[{"href":"https:\/\/www.almamaterticinensis.eu\/index.php\/wp-json\/wp\/v2\/types\/page"}],"author":[{"embeddable":true,"href":"https:\/\/www.almamaterticinensis.eu\/index.php\/wp-json\/wp\/v2\/users\/2"}],"replies":[{"embeddable":true,"href":"https:\/\/www.almamaterticinensis.eu\/index.php\/wp-json\/wp\/v2\/comments?post=4436"}],"version-history":[{"count":3,"href":"https:\/\/www.almamaterticinensis.eu\/index.php\/wp-json\/wp\/v2\/pages\/4436\/revisions"}],"predecessor-version":[{"id":4440,"href":"https:\/\/www.almamaterticinensis.eu\/index.php\/wp-json\/wp\/v2\/pages\/4436\/revisions\/4440"}],"up":[{"embeddable":true,"href":"https:\/\/www.almamaterticinensis.eu\/index.php\/wp-json\/wp\/v2\/pages\/2714"}],"wp:attachment":[{"href":"https:\/\/www.almamaterticinensis.eu\/index.php\/wp-json\/wp\/v2\/media?parent=4436"}],"curies":[{"name":"wp","href":"https:\/\/api.w.org\/{rel}","templated":true}]}}