{"id":3637,"date":"2020-05-18T16:42:29","date_gmt":"2020-05-18T16:42:29","guid":{"rendered":"http:\/\/www.almamaterticinensis.eu\/?page_id=3637"},"modified":"2023-05-11T08:33:42","modified_gmt":"2023-05-11T08:33:42","slug":"presidente-prof-francesco-svelto","status":"publish","type":"page","link":"https:\/\/www.almamaterticinensis.eu\/index.php\/chi-siamo\/consiglio-di-amministrazione\/presidente-prof-francesco-svelto\/","title":{"rendered":"Presidente, prof. Francesco Svelto"},"content":{"rendered":"<p>[et_pb_section fb_built=&#8221;1&#8243; fullwidth=&#8221;on&#8221; admin_label=&#8221;section&#8221; _builder_version=&#8221;4.16&#8243; background_color=&#8221;#2ea3f2&#8243; global_colors_info=&#8221;{}&#8221;][et_pb_fullwidth_header title=&#8221; &#8221; subhead=&#8221; &#8221; content_max_width=&#8221;none&#8221; admin_label=&#8221;Fullwidth Header&#8221; _builder_version=&#8221;4.16&#8243; background_color=&#8221;rgba(255, 255, 255, 0)&#8221; background_image=&#8221;http:\/\/www.almamaterticinensis.eu\/wp-content\/uploads\/2016\/05\/box1.jpg&#8221; background_url=&#8221;http:\/\/www.almamaterticinensis.eu\/wp-content\/uploads\/2016\/05\/box1.jpg&#8221; button_one_letter_spacing_hover=&#8221;0&#8243; button_two_letter_spacing_hover=&#8221;0&#8243; global_colors_info=&#8221;{}&#8221; button_one_text_size__hover_enabled=&#8221;off&#8221; button_two_text_size__hover_enabled=&#8221;off&#8221; button_one_text_color__hover_enabled=&#8221;off&#8221; button_two_text_color__hover_enabled=&#8221;off&#8221; button_one_border_width__hover_enabled=&#8221;off&#8221; button_two_border_width__hover_enabled=&#8221;off&#8221; button_one_border_color__hover_enabled=&#8221;off&#8221; button_two_border_color__hover_enabled=&#8221;off&#8221; button_one_border_radius__hover_enabled=&#8221;off&#8221; button_two_border_radius__hover_enabled=&#8221;off&#8221; button_one_letter_spacing__hover_enabled=&#8221;on&#8221; button_one_letter_spacing__hover=&#8221;0&#8243; button_two_letter_spacing__hover_enabled=&#8221;on&#8221; button_two_letter_spacing__hover=&#8221;0&#8243; button_one_bg_color__hover_enabled=&#8221;off&#8221; button_two_bg_color__hover_enabled=&#8221;off&#8221;][\/et_pb_fullwidth_header][\/et_pb_section][et_pb_section fb_built=&#8221;1&#8243; admin_label=&#8221;section&#8221; _builder_version=&#8221;4.16&#8243; global_colors_info=&#8221;{}&#8221;][et_pb_row admin_label=&#8221;row&#8221; _builder_version=&#8221;4.16&#8243; background_size=&#8221;initial&#8221; background_position=&#8221;top_left&#8221; background_repeat=&#8221;repeat&#8221; global_colors_info=&#8221;{}&#8221;][et_pb_column type=&#8221;4_4&#8243; _builder_version=&#8221;4.16&#8243; custom_padding=&#8221;|||&#8221; global_colors_info=&#8221;{}&#8221; custom_padding__hover=&#8221;|||&#8221;][et_pb_post_title meta=&#8221;off&#8221; featured_image=&#8221;off&#8221; admin_label=&#8221;Post Title&#8221; _builder_version=&#8221;4.16&#8243; title_all_caps=&#8221;off&#8221; background_color=&#8221;rgba(255,255,255,0)&#8221; parallax=&#8221;on&#8221; parallax_method=&#8221;off&#8221; parallax_effect=&#8221;on&#8221; module_bg_color=&#8221;rgba(255,255,255,0)&#8221; use_border_color=&#8221;off&#8221; border_color=&#8221;#ffffff&#8221; border_style=&#8221;solid&#8221; global_colors_info=&#8221;{}&#8221;][\/et_pb_post_title][et_pb_text admin_label=&#8221;Text&#8221; _builder_version=&#8221;4.19.4&#8243; background_size=&#8221;initial&#8221; background_position=&#8221;top_left&#8221; background_repeat=&#8221;repeat&#8221; hover_enabled=&#8221;0&#8243; use_border_color=&#8221;off&#8221; border_color=&#8221;#ffffff&#8221; border_style=&#8221;solid&#8221; global_colors_info=&#8221;{}&#8221; sticky_enabled=&#8221;0&#8243;]<\/p>\n<p>Il prof. Francesco Svelto\u00a0\u00e8 Rettore dell\u2019Universit\u00e0 di Pavia e Presidente della Fondazione Alma Mater Ticinensis dall\u2019ottobre 2019. <\/p>\n<p>\u00c8 Professore di Elettronica e si \u00e8 occupato in particolare di microelettronica per applicazioni alle comunicazioni mobili e alla diagnostica medica. Ha co-fondato due start up, insieme a suoi ex studenti. La prima \u00e8 stata venduta nel 2006 a Philips, la seconda \u00e8 tuttora attiva e si occupa di Tuner per la TV. Dal 2005 al 2019 \u00e8 stato responsabile scientifico di un laboratorio congiunto tra Universit\u00e0 di Pavia e STMicroelectronics. Il laboratorio ha erogato pi\u00f9 di 100 borse per giovani ricercatori.<\/p>\n<div class=\"page\" title=\"Page 1\">\n<div class=\"layoutArea\">\n<div class=\"column\">\n<p style=\"font-weight: 400;\">Ha svolto seminari su invito in numerose universit\u00e0 internazionali, tra cui: Harvard, Berkeley, UCLA, Princeton, Columbia, Georgia Institute of Technology, Seattle in USA, Tsinghua (Cina), Tokyo (Giappone). \u00c8 stato membro del comitato scientifico dei principali congressi dell\u2019Istituto Internazionale di Ingegneria Elettrica ed Elettronica (IEEE). Ha ricevuto il premio per il miglior lavoro pubblicato nel 2003 dall\u2019\u201cIEEE Journal of Solid State Circuits\u201d, rivista internazionale di riferimento per la microelettronica. Dal 2013 \u00e8 Fellow e dal 2014 Distinguished Lecturer dell\u2019IEEE.<\/p>\n<p style=\"font-weight: 400;\">Come Rettore sta curando progetti di ampliamento delle strutture per la didattica (tra cui un ospedale virtuale), l\u2019istituzione di un parco per l\u2019innovazione sostenibile aperto alle imprese, il potenziamento del dottorato di ricerca su temi di elevato impatto sociale.<\/p>\n<p style=\"font-weight: 400;\">Dal 2021 \u00e8 membro del Consiglio di Amministrazione della Fondazione Cotec per l\u2019innovazione, il cui Presidente onorario \u00e8 il Capo dello Stato. Sempre nel 2021 il Ministro dell\u2019Universit\u00e0 e della Ricerca lo ha nominato Presidente della Commissione paritetica alloggi e residenze per studenti universitari. Il prof. Francesco Svelto \u00e8 l\u2019unico membro italiano della Health Systems Taskforce promossa dal Principe di Galles \u2013 ora Re Carlo III &#8211; per la sostenibilit\u00e0 del sistema sanitario globale, e presentata alla COP26 di Glasgow.<\/p>\n<\/div>\n<\/div>\n<\/div>\n<p>[\/et_pb_text][\/et_pb_column][\/et_pb_row][\/et_pb_section]<\/p>\n","protected":false},"excerpt":{"rendered":"","protected":false},"author":2,"featured_media":0,"parent":2714,"menu_order":0,"comment_status":"closed","ping_status":"closed","template":"","meta":{"_et_pb_use_builder":"on","_et_pb_old_content":"","_et_gb_content_width":"","footnotes":""},"class_list":["post-3637","page","type-page","status-publish","hentry"],"_links":{"self":[{"href":"https:\/\/www.almamaterticinensis.eu\/index.php\/wp-json\/wp\/v2\/pages\/3637","targetHints":{"allow":["GET"]}}],"collection":[{"href":"https:\/\/www.almamaterticinensis.eu\/index.php\/wp-json\/wp\/v2\/pages"}],"about":[{"href":"https:\/\/www.almamaterticinensis.eu\/index.php\/wp-json\/wp\/v2\/types\/page"}],"author":[{"embeddable":true,"href":"https:\/\/www.almamaterticinensis.eu\/index.php\/wp-json\/wp\/v2\/users\/2"}],"replies":[{"embeddable":true,"href":"https:\/\/www.almamaterticinensis.eu\/index.php\/wp-json\/wp\/v2\/comments?post=3637"}],"version-history":[{"count":8,"href":"https:\/\/www.almamaterticinensis.eu\/index.php\/wp-json\/wp\/v2\/pages\/3637\/revisions"}],"predecessor-version":[{"id":4456,"href":"https:\/\/www.almamaterticinensis.eu\/index.php\/wp-json\/wp\/v2\/pages\/3637\/revisions\/4456"}],"up":[{"embeddable":true,"href":"https:\/\/www.almamaterticinensis.eu\/index.php\/wp-json\/wp\/v2\/pages\/2714"}],"wp:attachment":[{"href":"https:\/\/www.almamaterticinensis.eu\/index.php\/wp-json\/wp\/v2\/media?parent=3637"}],"curies":[{"name":"wp","href":"https:\/\/api.w.org\/{rel}","templated":true}]}}