{"id":3029,"date":"2018-07-03T13:17:14","date_gmt":"2018-07-03T13:17:14","guid":{"rendered":"https:\/\/www.almamaterticinensis.eu\/?page_id=3029"},"modified":"2020-10-21T15:13:16","modified_gmt":"2020-10-21T15:13:16","slug":"privacy-policy-2","status":"publish","type":"page","link":"https:\/\/www.almamaterticinensis.eu\/index.php\/privacy-policy-2\/","title":{"rendered":"Privacy policy"},"content":{"rendered":"<p>[et_pb_section fb_built=&#8221;1&#8243; fullwidth=&#8221;on&#8221; admin_label=&#8221;section&#8221; _builder_version=&#8221;3.22&#8243; background_color=&#8221;#2ea3f2&#8243;][et_pb_fullwidth_header title=&#8221; &#8221; subhead=&#8221; &#8221; content_max_width=&#8221;none&#8221; admin_label=&#8221;Fullwidth Header&#8221; _builder_version=&#8221;3.16&#8243; background_color=&#8221;rgba(255, 255, 255, 0)&#8221; background_image=&#8221;https:\/\/www.almamaterticinensis.eu\/wp-content\/uploads\/2016\/05\/sfondo-blu.jpg&#8221; background_url=&#8221;https:\/\/www.almamaterticinensis.eu\/wp-content\/uploads\/2016\/05\/sfondo-blu.jpg&#8221; button_one_letter_spacing_hover=&#8221;0&#8243; button_two_letter_spacing_hover=&#8221;0&#8243; button_one_text_size__hover_enabled=&#8221;off&#8221; button_two_text_size__hover_enabled=&#8221;off&#8221; button_one_text_color__hover_enabled=&#8221;off&#8221; button_two_text_color__hover_enabled=&#8221;off&#8221; button_one_border_width__hover_enabled=&#8221;off&#8221; button_two_border_width__hover_enabled=&#8221;off&#8221; button_one_border_color__hover_enabled=&#8221;off&#8221; button_two_border_color__hover_enabled=&#8221;off&#8221; button_one_border_radius__hover_enabled=&#8221;off&#8221; button_two_border_radius__hover_enabled=&#8221;off&#8221; button_one_letter_spacing__hover_enabled=&#8221;on&#8221; button_one_letter_spacing__hover=&#8221;0&#8243; button_two_letter_spacing__hover_enabled=&#8221;on&#8221; button_two_letter_spacing__hover=&#8221;0&#8243; button_one_bg_color__hover_enabled=&#8221;off&#8221; button_two_bg_color__hover_enabled=&#8221;off&#8221;] [\/et_pb_fullwidth_header][\/et_pb_section][et_pb_section fb_built=&#8221;1&#8243; admin_label=&#8221;section&#8221; _builder_version=&#8221;3.22&#8243;][et_pb_row admin_label=&#8221;row&#8221; _builder_version=&#8221;3.25&#8243; background_size=&#8221;initial&#8221; background_position=&#8221;top_left&#8221; background_repeat=&#8221;repeat&#8221;][et_pb_column type=&#8221;4_4&#8243; _builder_version=&#8221;3.25&#8243; custom_padding=&#8221;|||&#8221; custom_padding__hover=&#8221;|||&#8221;][et_pb_post_title meta=&#8221;off&#8221; featured_image=&#8221;off&#8221; admin_label=&#8221;Post Title&#8221; _builder_version=&#8221;3.0.87&#8243; title_all_caps=&#8221;off&#8221; background_color=&#8221;rgba(255,255,255,0)&#8221; parallax=&#8221;on&#8221; parallax_method=&#8221;off&#8221; parallax_effect=&#8221;on&#8221; module_bg_color=&#8221;rgba(255,255,255,0)&#8221; use_border_color=&#8221;off&#8221; border_color=&#8221;#ffffff&#8221; border_style=&#8221;solid&#8221;] [\/et_pb_post_title][et_pb_text admin_label=&#8221;Text&#8221; _builder_version=&#8221;4.4.6&#8243; background_size=&#8221;initial&#8221; background_position=&#8221;top_left&#8221; background_repeat=&#8221;repeat&#8221; hover_enabled=&#8221;0&#8243; use_border_color=&#8221;off&#8221; border_color=&#8221;#ffffff&#8221; border_style=&#8221;solid&#8221;]<\/p>\n<h4 style=\"text-align: center;\">INFORMATIVA SUL TRATTAMENTO DEI DATI PERSONALI<br \/>RESA DA FONDAZIONE ALMA MATER TICINENSIS<br \/>ai sensi dell\u2019art. 13 del Regolamento (UE) 2016\/679 -RGPD<\/h4>\n<p><a href=\"https:\/\/www.almamaterticinensis.eu\/wp-content\/uploads\/2020\/10\/ALL.-2-FAMTprivacypolicyportalenglish.pdf\" rel=\"attachment wp-att-3978\">English version (pdf).<\/a><\/p>\n<p style=\"text-align: left;\">La Fondazione Alma Mater Ticinensis, informa gli utenti in merito all\u2019utilizzo dei dati personali che li riguardano acquisiti mediante le attivit\u00e0 che svolge per i compiti istituzionali ad essa affidati. Il trattamento \u00e8 effettuato nel rispetto dei principi generali del Regolamento Europeo 2016\/679 di liceit\u00e0, correttezza, trasparenza e non eccedenza (art, 5 paragrafo 1 del RGPD) con misure tecniche e organizzative adeguate in modo da tutelare la riservatezza e dei diritti degli interessati conformemente alla normativa vigente.Specifiche informative potranno essere rese disponibili nei casi in cui il contesto lo richieda.<\/p>\n<h6 style=\"text-align: left;\">Il Titolare del trattamento<\/h6>\n<p style=\"text-align: left;\">Il Titolare del trattamento \u00e8 la Fondazione Alma Mater Ticinensis, con sede in Pavia, strada Nuova, 35, CAP 27100 (dati di contatto fondazione@unipv.it; pec fondazioneamt@certunipv.it e tel.\u00a0 0382 986959).<\/p>\n<h6 style=\"text-align: left;\">Il Responsabile della protezione dei dati<\/h6>\n<p style=\"text-align: left;\">La Fondazione Alma Mater Ticinensis ha nominato il responsabile del trattamento dati (dati di contatto fondazione@unipv.it; pec fondazioneamt@certunipv.it e tel. 0382 986959).<\/p>\n<h6 style=\"text-align: left;\">Finalit\u00e0 del trattamento \u2013 base giuridica<\/h6>\n<p style=\"text-align: left;\">Il trattamento dati personali di persone fisiche sono utilizzati per assolvere agli obblighi contrattuali, per le collegate attivit\u00e0 amministrative e contabili collegate e per le attivit\u00e0 istituzionali, inquanto strettamente necessari, nel rispetto delle norme che ne regolano il trattamento. La Fondazione, ente di diritto privato in controllo pubblico, partecipata dall\u2019Universit\u00e0 di Pavia \u00e8 tenuta agli obblighi di pubblicazione e trasparenza previsti nel D.Lgs 33\/2013 per la parte di organizzazione e attivit\u00e0 di pubblico interesse svolte (attivit\u00e0 istituzionale), ad esclusionedelle attivit\u00e0 di carattere esclusivamente privatistico (attivit\u00e0 commerciale). I dati verranno pubblicati nel rispetto dei vincoli imposti dalla normativa in materia di protezione dei dati personali, dei principi di necessit\u00e0, pertinenza e non eccedenza.<br \/>Il trattamento dei dati \u00e8 eseguito di norma tramite l\u2019ausilio di strumenti informatici e telematici atti a memorizzare e gestire i dati stessi, con logiche e tempi strettamente correlati alle finalit\u00e0 previste, in alcune fasi potr\u00e0 avvenire su supporto cartaceo e, comunque, in modo tale da garantirne la sicurezza e tutelarne la riservatezza. La Fondazione si impegna ad adottare misure tecniche ed organizzative adeguate per proteggere le informazioni degli interessati.<\/p>\n<p>Categorie di soggetti ai quali i dati possono essere comunicati o che possono venirne a\u00a0conoscenza in qualit\u00e0 di Responsabili o Incaricati \u2013 Destinatari dei dati<\/p>\n<p style=\"text-align: left;\">I dati personali degli utenti potranno essere conosciuti e trattati, da personale e da collaboratori della Fondazione autorizzati al trattamento e adeguatamente istruiti dal Titolare o da fornitori di servizi espressamente nominati come Responsabili esterni del trattamento (a norma dell\u2019art. 28 del RGPD) ai quali la Fondazione affida dei servizi di gestione informatica-amministrativa di propria competenza in outsourcing o con i quali sono poste in essere convenzioni o accordi.<br \/>I dati non verranno comunicati a soggetti terzi, se non ai fini dell\u2019esecuzione del contratto o nei casi espressamente previsti dalla legge, nel rispetto dell\u2019identit\u00e0 e dignit\u00e0 dell\u2019interessato e in relazione alla attivit\u00e0 istituzionale che si sta svolgendo e che prevede i flussi dei dati (i dati nei casi previsti dalle leggi potrebbero essere comunicati all\u2019Autorit\u00e0 Giudiziaria, Questura, etc.).<\/p>\n<h6 style=\"text-align: left;\">Conservazione<\/h6>\n<p style=\"text-align: left;\">La determinazione del periodo di conservazione dei dati personali risponde al principio di necessit\u00e0 del trattamento. I termini di conservazione dei dati personali dipendono in generale dalle leggi e dai tempi di conservazione degli atti che li contengono.<br \/>Diritti dell&#8217;Interessato<br \/>Gli interessati hanno il diritto di chiedere al Titolare del trattamento (artt. 15 e ss. del Regolamento UE 679\/2016) l\u2019accesso ai dati personali e la rettifica dei dati inesatti, l\u2019integrazione dei dati incompleti o la cancellazione degli stessi (la cancellazione non \u00e8 consentita per i dati contenuti negli atti che devono obbligatoriamente essere conservati dalla Fondazione); o la limitazione del trattamento che li riguarda o di opporsi al trattamento (fermo quanto previsto con riguardo alla necessit\u00e0 ed obbligatoriet\u00e0 del trattamento ai fini del rapporto). L\u2019apposita istanza \u00e8 presentata scrivendo al Titolare del trattamento. Il Titolare \u00e8 tenuto a rispondere entro un mese dalla data di ricezione della richiesta, termine che pu\u00f2 essere esteso fino a tre mesi nel caso di particolare complessit\u00e0 dell\u2019istanza. Gli interessati, ricorrendone i presupposti, hanno inoltre il diritto di proporre reclamo all\u2019autorit\u00e0 di controllo secondo le procedure previstedal Regolamento UE 679\/2016.<\/p>\n<h3 style=\"text-align: left;\">Privacy policy sito web<\/h3>\n<p style=\"text-align: left;\">Informativa resa ai sensi dell\u2019art. 13 del d.lgs. n. 196\/2003 \u2013 Codice in materia di protezione dei dati personali e Regolamento UE 2016\/679 a coloro che interagiscono con i servizi web della Fondazione Universitaria Alma Mater Ticinensis di Pavia. L\u2019informativa \u00e8 resa solo per il sito della Fondazione Alma Mater Ticinensis e non anche per altri siti web eventualmente consultati dall\u2019utente tramite link.<\/p>\n<h6 style=\"text-align: left;\">IL \u201cTITOLARE\u201d DEL TRATTAMENTO<\/h6>\n<p style=\"text-align: left;\">A seguito della consultazione di questo sito possono essere trattati dati relativi a persone identificate o identificabili. Il \u201ctitolare\u201d del loro trattamento \u00e8 la Fondazione Alma Mater Ticinensis, con sede in Pavia, strada Nuova, 35, CAP 27100 (dati di contatto fondazione@unipv.it; pec fondazioneamt@certunipv.it e tel.\u00a0 0382 986959).<\/p>\n<h6 style=\"text-align: left;\">RESPONSABILE DEL TRATTAMENTO DATI<\/h6>\n<p style=\"text-align: left;\">La Fondazione Alma Mater Ticinensis ha nominato il responsabile del trattamento dati (dati di contatto fondazione@unipv.it; pec fondazioneamt@certunipv.it e tel. 0382 986959).<\/p>\n<h6 style=\"text-align: left;\">LUOGO DI TRATTAMENTO DEI DATI<\/h6>\n<p style=\"text-align: left;\">I trattamenti connessi ai servizi web di questo sito hanno luogo presso la sede della Fondazione Alma Mater Ticinensis e sono curati solo da personale incaricato del trattamento. Nessun dato derivante dal servizio web viene comunicato o diffuso, fatto salvo quanto previsto da leggi o regolamenti.<\/p>\n<h6 style=\"text-align: left;\">TIPI DI DATI TRATTATI<\/h6>\n<p style=\"text-align: left;\">Dati di navigazione I sistemi informatici e le procedure software preposte al funzionamento di questo sito web acquisiscono, nel corso del loro normale esercizio, alcuni dati personali la cui trasmissione \u00e8 implicita nell\u2019uso dei protocolli di comunicazione di Internet. Si tratta di informazioni che non sono raccolte per essere associate a interessati identificati, ma che per loro stessa natura potrebbero, attraverso elaborazioni ed associazioni con dati detenuti da terzi, permettere di identificare gli utenti. In questa categoria di dati rientrano gli indirizzi IP o i nomi a dominio dei computer utilizzati dagli utenti che si connettono al sito, gli indirizzi in notazione URI (Uniform Resource Identifier) delle risorse richieste, l\u2019orario della richiesta, il metodo utilizzato nel sottoporre la richiesta al server, la dimensione del file ottenuto in risposta, il codice numerico indicante lo stato della risposta data dal server (buon fine, errore, ecc.) ed altri parametri relativi al sistema operativo e all\u2019ambiente informatico dell\u2019utente. I dati potrebbero essere utilizzati per l\u2019accertamento di responsabilit\u00e0 in caso di ipotetici reati informatici ai danni del sito.<\/p>\n<h6 style=\"text-align: left;\">FACOLTATIVITA\u2019 DEL CONFERIMENTO DEI DATI<\/h6>\n<p style=\"text-align: left;\">L\u2019invio facoltativo, esplicito e volontario di posta elettronica agli indirizzi indicati su questo sito comporta la successiva acquisizione dell\u2019indirizzo del mittente, necessario per rispondere alle richieste, nonch\u00e9 degli eventuali altri dati inseriti nella missiva. L\u2019utente \u00e8 libero di fornire i dati personali previsti nei moduli di richiesta all\u2019Ente. Il loro mancato conferimento pu\u00f2 comportare l\u2019impossibilit\u00e0 di ottenere quanto richiesto.<\/p>\n<h6 style=\"text-align: left;\">COOKIES<\/h6>\n<p style=\"text-align: left;\">Nessun dato personale degli utenti viene in proposito acquisito dal sito. Non viene fatto uso di cookies per la trasmissione di informazioni di carattere personale, n\u00e9 vengono utilizzati c.d. cookies persistenti di alcun tipo, ovvero sistemi per il tracciamento degli utenti. L\u2019uso di c.d. cookies di sessione (che non vengono memorizzati in modo persistente sul computer dell\u2019utente e svaniscono con la chiusura del browser) \u00e8 strettamente limitato alla trasmissione di identificativi di sessione (costituiti da numeri casuali generati dal server) necessari per consentire l\u2019esplorazione sicura ed efficiente del sito. I c.d. cookies di sessione utilizzati in questo sito evitano il ricorso ad altre tecniche informatiche potenzialmente pregiudizievoli per la riservatezza della navigazione degli utenti e non consentono l\u2019acquisizione di dati personali identificativi dell\u2019utente.<\/p>\n<h6 style=\"text-align: left;\">MODALITA\u2019 DEL TRATTAMENTO<\/h6>\n<p style=\"text-align: left;\">I dati personali sono trattati con strumenti automatizzati per il tempo strettamente necessario a conseguire gli scopi per cui sono stati raccolti. Specifiche misure di sicurezza sono osservate per prevenire la perdita dei dati, usi illeciti o non corretti ed accessi non autorizzati.<\/p>\n<h6 style=\"text-align: left;\">DIRITTI DEGLI INTERESSATI<\/h6>\n<p style=\"text-align: left;\">Gli interessati hanno il diritto di chiedere al Titolare del trattamento l\u2019accesso ai dati personali e la rettifica o la cancellazione degli stessi o la limitazione del trattamento che li riguarda o di opporsi al trattamento (artt. 15 e ss. del Regolamento UE 679\/2016). L\u2019apposita istanza \u00e8 presentata scrivendo a Fondazione Alma Mater Ticinensis C.so Strada Nuova n. 65, 27100 Pavia, PEC fondazioneamt@certunipv.it. Gli interessati, ricorrendone i presupposti, hanno inoltre il diritto di proporre reclamo al Garante secondo le procedure previste dall\u2019art. 77 del Regolamento UE 679\/2016, oppure di agire ai sensi dell\u2019art. 79 del Regolamento.<\/p>\n<p>[\/et_pb_text][\/et_pb_column][\/et_pb_row][\/et_pb_section]<\/p>\n","protected":false},"excerpt":{"rendered":"","protected":false},"author":2,"featured_media":0,"parent":0,"menu_order":0,"comment_status":"closed","ping_status":"closed","template":"","meta":{"_et_pb_use_builder":"on","_et_pb_old_content":"","_et_gb_content_width":"","footnotes":""},"class_list":["post-3029","page","type-page","status-publish","hentry"],"_links":{"self":[{"href":"https:\/\/www.almamaterticinensis.eu\/index.php\/wp-json\/wp\/v2\/pages\/3029","targetHints":{"allow":["GET"]}}],"collection":[{"href":"https:\/\/www.almamaterticinensis.eu\/index.php\/wp-json\/wp\/v2\/pages"}],"about":[{"href":"https:\/\/www.almamaterticinensis.eu\/index.php\/wp-json\/wp\/v2\/types\/page"}],"author":[{"embeddable":true,"href":"https:\/\/www.almamaterticinensis.eu\/index.php\/wp-json\/wp\/v2\/users\/2"}],"replies":[{"embeddable":true,"href":"https:\/\/www.almamaterticinensis.eu\/index.php\/wp-json\/wp\/v2\/comments?post=3029"}],"version-history":[{"count":13,"href":"https:\/\/www.almamaterticinensis.eu\/index.php\/wp-json\/wp\/v2\/pages\/3029\/revisions"}],"predecessor-version":[{"id":3980,"href":"https:\/\/www.almamaterticinensis.eu\/index.php\/wp-json\/wp\/v2\/pages\/3029\/revisions\/3980"}],"wp:attachment":[{"href":"https:\/\/www.almamaterticinensis.eu\/index.php\/wp-json\/wp\/v2\/media?parent=3029"}],"curies":[{"name":"wp","href":"https:\/\/api.w.org\/{rel}","templated":true}]}}