{"id":268,"date":"2016-05-25T13:46:19","date_gmt":"2016-05-25T13:46:19","guid":{"rendered":"https:\/\/www.almamaterticinensis.eu\/?page_id=268"},"modified":"2026-03-18T13:57:53","modified_gmt":"2026-03-18T13:57:53","slug":"consulenti-e-collaboratori","status":"publish","type":"page","link":"https:\/\/www.almamaterticinensis.eu\/index.php\/trasparenza\/consulenti-e-collaboratori\/","title":{"rendered":"Consulenti e collaboratori"},"content":{"rendered":"<p>[et_pb_section fb_built=&#8221;1&#8243; fullwidth=&#8221;on&#8221; admin_label=&#8221;section&#8221; _builder_version=&#8221;4.16&#8243; background_color=&#8221;#2ea3f2&#8243; global_colors_info=&#8221;{}&#8221;][et_pb_fullwidth_header title=&#8221; &#8221; subhead=&#8221; &#8221; content_max_width=&#8221;none&#8221; admin_label=&#8221;Fullwidth Header&#8221; _builder_version=&#8221;4.16&#8243; background_color=&#8221;rgba(255, 255, 255, 0)&#8221; background_image=&#8221;https:\/\/www.almamaterticinensis.eu\/wp-content\/uploads\/2016\/05\/IMG_8183.jpg&#8221; background_url=&#8221;https:\/\/www.almamaterticinensis.eu\/wp-content\/uploads\/2016\/05\/IMG_8183.jpg&#8221; button_one_letter_spacing_hover=&#8221;0&#8243; button_two_letter_spacing_hover=&#8221;0&#8243; global_colors_info=&#8221;{}&#8221; button_one_text_size__hover_enabled=&#8221;off&#8221; button_two_text_size__hover_enabled=&#8221;off&#8221; button_one_text_color__hover_enabled=&#8221;off&#8221; button_two_text_color__hover_enabled=&#8221;off&#8221; button_one_border_width__hover_enabled=&#8221;off&#8221; button_two_border_width__hover_enabled=&#8221;off&#8221; button_one_border_color__hover_enabled=&#8221;off&#8221; button_two_border_color__hover_enabled=&#8221;off&#8221; button_one_border_radius__hover_enabled=&#8221;off&#8221; button_two_border_radius__hover_enabled=&#8221;off&#8221; button_one_letter_spacing__hover_enabled=&#8221;on&#8221; button_one_letter_spacing__hover=&#8221;0&#8243; button_two_letter_spacing__hover_enabled=&#8221;on&#8221; button_two_letter_spacing__hover=&#8221;0&#8243; button_one_bg_color__hover_enabled=&#8221;off&#8221; button_two_bg_color__hover_enabled=&#8221;off&#8221;][\/et_pb_fullwidth_header][\/et_pb_section][et_pb_section fb_built=&#8221;1&#8243; admin_label=&#8221;section&#8221; _builder_version=&#8221;4.16&#8243; global_colors_info=&#8221;{}&#8221;][et_pb_row column_structure=&#8221;2_3,1_3&#8243; admin_label=&#8221;row&#8221; _builder_version=&#8221;4.16&#8243; background_size=&#8221;initial&#8221; background_position=&#8221;top_left&#8221; background_repeat=&#8221;repeat&#8221; global_colors_info=&#8221;{}&#8221;][et_pb_column type=&#8221;2_3&#8243; _builder_version=&#8221;4.16&#8243; custom_padding=&#8221;|||&#8221; global_colors_info=&#8221;{}&#8221; custom_padding__hover=&#8221;|||&#8221;][et_pb_post_title meta=&#8221;off&#8221; featured_image=&#8221;off&#8221; admin_label=&#8221;Post Title&#8221; _builder_version=&#8221;4.16&#8243; title_all_caps=&#8221;off&#8221; background_color=&#8221;rgba(255,255,255,0)&#8221; parallax=&#8221;on&#8221; parallax_method=&#8221;off&#8221; parallax_effect=&#8221;on&#8221; module_bg_color=&#8221;rgba(255,255,255,0)&#8221; use_border_color=&#8221;off&#8221; border_color=&#8221;#ffffff&#8221; border_style=&#8221;solid&#8221; global_colors_info=&#8221;{}&#8221;][\/et_pb_post_title][et_pb_text admin_label=&#8221;Text&#8221; _builder_version=&#8221;4.27.4&#8243; background_size=&#8221;initial&#8221; background_position=&#8221;top_left&#8221; background_repeat=&#8221;repeat&#8221; hover_enabled=&#8221;0&#8243; use_border_color=&#8221;off&#8221; border_color=&#8221;#ffffff&#8221; border_style=&#8221;solid&#8221; global_colors_info=&#8221;{}&#8221; sticky_enabled=&#8221;0&#8243;]<\/p>\n<p><em>DECRETO LEGISLATIVO N. 33 DEL 2013<br \/><\/em><strong>art. 15-bis<br \/><\/strong><em>OBBLIGHI DI PUBBLICAZIONE CONCERNENTI INCARICHI CONFERITI NELLE SOCIET\u00c0 CONTROLLATE<\/em><\/p>\n<p>1. Fermo restando quanto previsto dall&#8217;articolo 9-bis, le societ\u00e0 a controllo pubblico, nonch\u00e9 le societ\u00e0 in regime di amministrazione straordinaria, ad esclusione delle societ\u00e0 emittenti strumenti finanziari quotati nei mercati regolamentati e loro controllate, pubblicano, entro trenta giorni dal conferimento di incarichi di collaborazione, di consulenza o di incarichi professionali, inclusi quelli arbitrali, e per i due anni successivi alla loro cessazione, le seguenti informazioni:<br \/>a) gli estremi dell&#8217;atto di conferimento dell&#8217;incarico, l&#8217;oggetto della prestazione, la ragione dell&#8217;incarico e la durata;<br \/>b) il curriculum vitae;<br \/>c) i compensi, comunque denominati, relativi al rapporto di consulenza o di collaborazione, nonch\u00e9 agli incarichi professionali, inclusi quelli arbitrali;<br \/>d) il tipo di procedura seguita per la selezione del contraente e il numero di partecipanti alla procedura.<\/p>\n<ul>\n<li><a href=\"https:\/\/www.almamaterticinensis.eu\/wp-content\/uploads\/2025\/12\/consulenti-e-collaboratori-2025.pdf\" rel=\"attachment wp-att-5116\">Elenco consulenti e collaboratori <\/a>(anno 2025)<\/li>\n<li><a href=\"https:\/\/www.almamaterticinensis.eu\/wp-content\/uploads\/2025\/12\/consulenti-e-collaboratori-2024.pdf\" rel=\"attachment wp-att-5118\">Elenco consulenti e collaboratori<\/a> (anno 2024)<\/li>\n<li><a href=\"https:\/\/www.almamaterticinensis.eu\/?page_id=4342&amp;preview=true\">Elenco consulenti e collaboratori (anno 2023)<\/a><\/li>\n<li><a href=\"https:\/\/www.almamaterticinensis.eu\/index.php\/trasparenza\/consulenti-e-collaboratori\/consulenti-e-collaboratori-2021-2\/\">Elenco consulenti e collaboratori<\/a> (anno 2022)<\/li>\n<li><a href=\"https:\/\/www.almamaterticinensis.eu\/index.php\/trasparenza\/consulenti-e-collaboratori\/consulenti-e-collaboratori-2021-2\/\">Elenco consulenti e collaboratori<\/a> (anno 2021)<\/li>\n<li><a href=\"https:\/\/www.almamaterticinensis.eu\/index.php\/trasparenza\/consulenti-e-collaboratori\/consulenti-e-collaboratori-2020\/\">Elenco consulenti e collaboratori<\/a> (anno 2020)<\/li>\n<li><a href=\"https:\/\/www.almamaterticinensis.eu\/index.php\/trasparenza\/consulenti-e-collaboratori\/consulenti-e-collaboratori-2019\/\">Elenco consulenti e collaboratori <\/a>(anno 2019)<\/li>\n<li><a href=\"https:\/\/www.almamaterticinensis.eu\/index.php\/trasparenza\/consulenti-e-collaboratori\/consulenti-e-collaboratori-2018\/\">Elenco consulenti e collaboratori<\/a> (anno 2018)<\/li>\n<li>\u00a0<\/li>\n<li><a href=\"https:\/\/www.almamaterticinensis.eu\/index.php\/trasparenza\/consulenti-e-collaboratori\/collegio-dei-revisori\/\">Altri consulenti e collaboratori<\/a> (Collegio dei revisori)<\/li>\n<\/ul>\n<p><em><span style=\"font-size: small;\">Ultimo aggiornamento 11 dicembre 2025<br \/><\/span><\/em><\/p>\n<p>[\/et_pb_text][\/et_pb_column][et_pb_column type=&#8221;1_3&#8243; _builder_version=&#8221;4.16&#8243; custom_padding=&#8221;|||&#8221; global_colors_info=&#8221;{}&#8221; custom_padding__hover=&#8221;|||&#8221;][et_pb_text admin_label=&#8221;Text&#8221; module_id=&#8221;menu-trasparenza&#8221; _builder_version=&#8221;4.16&#8243; background_size=&#8221;initial&#8221; background_position=&#8221;top_left&#8221; background_repeat=&#8221;repeat&#8221; use_border_color=&#8221;off&#8221; border_color=&#8221;#ffffff&#8221; border_style=&#8221;solid&#8221; global_colors_info=&#8221;{}&#8221;] <ul>\r\n<li><a href=\"https:\/\/www.almamaterticinensis.eu\/index.php\/trasparenza\/disposizioni-generali\/\">Disposizioni generali<\/a><\/li>\r\n<li><a href=\"https:\/\/www.almamaterticinensis.eu\/?page_id=2304&amp;preview=true\">Organizzazione<\/a><\/li>\r\n<li><a href=\"https:\/\/www.almamaterticinensis.eu\/index.php\/trasparenza\/selezione-del-personale-2\/\">Selezione del personale<\/a><\/li>\r\n<li><a href=\"https:\/\/www.almamaterticinensis.eu\/index.php\/trasparenza\/consulenti-e-collaboratori\/\">Consulenti e collaboratori<\/a><\/li>\r\n<li><a href=\"https:\/\/www.almamaterticinensis.eu\/index.php\/trasparenza\/bandi-di-gara-e-contratti\/\">Bandi di gara e contratti<\/a><\/li>\r\n<li><a href=\"https:\/\/www.almamaterticinensis.eu\/index.php\/trasparenza\/attivita-e-procedimenti\/\">Attivit\u00e0 e procedimenti<\/a><\/li>\r\n<li><a href=\"https:\/\/www.almamaterticinensis.eu\/index.php\/trasparenza\/sovvenzioni-contributi-sussidi-vantaggi-economici\/\">Sovvenzioni, contributi, sussidi, vantaggi economici<\/a><\/li>\r\n<li><a href=\"https:\/\/www.almamaterticinensis.eu\/index.php\/trasparenza\/bilanci\/\">Bilanci<\/a><\/li>\r\n<li>Beni immobili<\/li>\r\n<li><a href=\"https:\/\/www.almamaterticinensis.eu\/index.php\/trasparenza\/controlli-e-rilievi-sulla-fondazione\/\">Controlli e rilievi sulla Fondazione<\/a><\/li>\r\n<li><a href=\"https:\/\/www.almamaterticinensis.eu\/index.php\/trasparenza\/pagamenti-dellamministrazione\/\">Pagamenti<\/a><\/li>\r\n<li><a href=\"https:\/\/www.almamaterticinensis.eu\/index.php\/trasparenza\/altri-contenuti\/\">Altri contenuti<\/a><\/li>\r\n<\/ul> [\/et_pb_text][\/et_pb_column][\/et_pb_row][\/et_pb_section]<\/p>\n","protected":false},"excerpt":{"rendered":"","protected":false},"author":1,"featured_media":0,"parent":125,"menu_order":0,"comment_status":"closed","ping_status":"closed","template":"","meta":{"_et_pb_use_builder":"on","_et_pb_old_content":"","_et_gb_content_width":"","footnotes":""},"class_list":["post-268","page","type-page","status-publish","hentry"],"_links":{"self":[{"href":"https:\/\/www.almamaterticinensis.eu\/index.php\/wp-json\/wp\/v2\/pages\/268","targetHints":{"allow":["GET"]}}],"collection":[{"href":"https:\/\/www.almamaterticinensis.eu\/index.php\/wp-json\/wp\/v2\/pages"}],"about":[{"href":"https:\/\/www.almamaterticinensis.eu\/index.php\/wp-json\/wp\/v2\/types\/page"}],"author":[{"embeddable":true,"href":"https:\/\/www.almamaterticinensis.eu\/index.php\/wp-json\/wp\/v2\/users\/1"}],"replies":[{"embeddable":true,"href":"https:\/\/www.almamaterticinensis.eu\/index.php\/wp-json\/wp\/v2\/comments?post=268"}],"version-history":[{"count":27,"href":"https:\/\/www.almamaterticinensis.eu\/index.php\/wp-json\/wp\/v2\/pages\/268\/revisions"}],"predecessor-version":[{"id":5224,"href":"https:\/\/www.almamaterticinensis.eu\/index.php\/wp-json\/wp\/v2\/pages\/268\/revisions\/5224"}],"up":[{"embeddable":true,"href":"https:\/\/www.almamaterticinensis.eu\/index.php\/wp-json\/wp\/v2\/pages\/125"}],"wp:attachment":[{"href":"https:\/\/www.almamaterticinensis.eu\/index.php\/wp-json\/wp\/v2\/media?parent=268"}],"curies":[{"name":"wp","href":"https:\/\/api.w.org\/{rel}","templated":true}]}}