{"id":2581,"date":"2017-07-07T14:42:38","date_gmt":"2017-07-07T14:42:38","guid":{"rendered":"https:\/\/www.almamaterticinensis.eu\/?page_id=2581"},"modified":"2020-06-23T16:38:51","modified_gmt":"2020-06-23T16:38:51","slug":"prof-vittorio-poma","status":"publish","type":"page","link":"https:\/\/www.almamaterticinensis.eu\/index.php\/chi-siamo\/consiglio-di-amministrazione\/prof-vittorio-poma\/","title":{"rendered":"prof. Vittorio Poma"},"content":{"rendered":"<p>[et_pb_section fb_built=&#8221;1&#8243; fullwidth=&#8221;on&#8221; admin_label=&#8221;section&#8221; _builder_version=&#8221;3.22&#8243; background_color=&#8221;#2ea3f2&#8243;][et_pb_fullwidth_header title=&#8221; &#8221; subhead=&#8221; &#8221; content_max_width=&#8221;none&#8221; admin_label=&#8221;Fullwidth Header&#8221; _builder_version=&#8221;3.16&#8243; background_color=&#8221;rgba(255, 255, 255, 0)&#8221; background_image=&#8221;https:\/\/www.almamaterticinensis.eu\/wp-content\/uploads\/2016\/05\/box1.jpg&#8221; background_url=&#8221;https:\/\/www.almamaterticinensis.eu\/wp-content\/uploads\/2016\/05\/box1.jpg&#8221; button_one_letter_spacing_hover=&#8221;0&#8243; button_two_letter_spacing_hover=&#8221;0&#8243; button_one_text_size__hover_enabled=&#8221;off&#8221; button_two_text_size__hover_enabled=&#8221;off&#8221; button_one_text_color__hover_enabled=&#8221;off&#8221; button_two_text_color__hover_enabled=&#8221;off&#8221; button_one_border_width__hover_enabled=&#8221;off&#8221; button_two_border_width__hover_enabled=&#8221;off&#8221; button_one_border_color__hover_enabled=&#8221;off&#8221; button_two_border_color__hover_enabled=&#8221;off&#8221; button_one_border_radius__hover_enabled=&#8221;off&#8221; button_two_border_radius__hover_enabled=&#8221;off&#8221; button_one_letter_spacing__hover_enabled=&#8221;on&#8221; button_one_letter_spacing__hover=&#8221;0&#8243; button_two_letter_spacing__hover_enabled=&#8221;on&#8221; button_two_letter_spacing__hover=&#8221;0&#8243; button_one_bg_color__hover_enabled=&#8221;off&#8221; button_two_bg_color__hover_enabled=&#8221;off&#8221;] [\/et_pb_fullwidth_header][\/et_pb_section][et_pb_section fb_built=&#8221;1&#8243; admin_label=&#8221;section&#8221; _builder_version=&#8221;3.22&#8243;][et_pb_row admin_label=&#8221;row&#8221; _builder_version=&#8221;3.25&#8243; background_size=&#8221;initial&#8221; background_position=&#8221;top_left&#8221; background_repeat=&#8221;repeat&#8221;][et_pb_column type=&#8221;4_4&#8243; _builder_version=&#8221;3.25&#8243; custom_padding=&#8221;|||&#8221; custom_padding__hover=&#8221;|||&#8221;][et_pb_post_title meta=&#8221;off&#8221; featured_image=&#8221;off&#8221; admin_label=&#8221;Post Title&#8221; _builder_version=&#8221;3.0.87&#8243; title_all_caps=&#8221;off&#8221; background_color=&#8221;rgba(255,255,255,0)&#8221; parallax=&#8221;on&#8221; parallax_method=&#8221;off&#8221; parallax_effect=&#8221;on&#8221; module_bg_color=&#8221;rgba(255,255,255,0)&#8221; use_border_color=&#8221;off&#8221; border_color=&#8221;#ffffff&#8221; border_style=&#8221;solid&#8221;] [\/et_pb_post_title][et_pb_text admin_label=&#8221;Text&#8221; _builder_version=&#8221;3.27.4&#8243; background_size=&#8221;initial&#8221; background_position=&#8221;top_left&#8221; background_repeat=&#8221;repeat&#8221; use_border_color=&#8221;off&#8221; border_color=&#8221;#ffffff&#8221; border_style=&#8221;solid&#8221;]Vittorio Poma \u00e8 nato a Pavia il 15 aprile 1958. \u00c8 docente di Storia e Cinema nel Dipartimento di Scienze Politiche e Sociali dell\u2019Universit\u00e0 di Pavia.<\/p>\n<p>Ha maturato una lunga esperienza nel campo della pubblica amministrazione.<br \/>\nNel 1978, a 19 anni, \u00e8 stato eletto consigliere della Provincia di Pavia, pi\u00f9 giovane consigliere provinciale d&#8217;Italia. Per due legislature dal 1978 al 1988 \u00e8 stato componente delle commissioni provinciali Pubblica Istruzione, Cultura ed Ecologia. Nel 1988 \u00e8 stato rieletto consigliere provinciale, ricoprendo la carica di Assessore al Personale e ai Servizi Sociali.<\/p>\n<p>Prima Vice Presidente e poi Presidente della commissione di revisione dello Statuto del Comune di Pavia, ha partecipato all&#8217;adeguamento dei principali istituti di autonomia regolamentare dell\u2019Ente.<\/p>\n<p>Assessore Provinciale ai Lavori Pubblici, Viabilit\u00e0 e Edilizia Scolastica dal 1997 al 2001 dopo le elezioni amministrative di maggio ha assunto la responsabilit\u00e0 delle Politiche delle Risorse Umane, Formazione, Lavoro e Sviluppo. Nell&#8217;ambito delle politiche formative \u00e9 stato promotore di numerosi progetti di aggiornamento e qualificazione professionale del personale degli enti locali. Ha sostenuto la costituzione della Fondazione Gian Domenico Romagnosi di cui \u00e9 stato vice-Presidente e componente del consiglio di amministrazione.<\/p>\n<p>Nel maggio del 2006 \u00e8 stato eletto Presidente della Provincia di Pavia, carica che ha mantenuto fino al 2011 insieme a quella di Vice Presidente dell\u2019Unione delle Province Lombarde. Nel 2007 \u00e9 stato Presidente della societ\u00e0 Polo Logistico Integrato di Mortara spa, ha fatto parte del consiglio di amministrazione della societ\u00e0 Polo Tecnologico Servizi srl di Pavia, e del Gal Alto Oltrepo. \u00c9 stato co-Presidente del Tavolo Territoriale di Coordinamento per la predisposizione e l&#8217;attuazione degli interventi previsti dall&#8217;Accordo Quadro di Sviluppo Territoriale (AQST), strumento di programmazione negoziata di Regione Lombardia.<\/p>\n<p>Nel giugno 2011 \u00e8 stato eletto Presidente del Consiglio Provinciale di Pavia.<\/p>\n<p>Dal mese di giugno 2014 \u00e8 consigliere comunale a Pavia.<\/p>\n<p>Dal mese di settembre 2016 \u00e8 Presidente della Provincia di Pavia.<br \/>\n[\/et_pb_text][\/et_pb_column][\/et_pb_row][\/et_pb_section]<\/p>\n","protected":false},"excerpt":{"rendered":"","protected":false},"author":2,"featured_media":0,"parent":2714,"menu_order":0,"comment_status":"closed","ping_status":"closed","template":"","meta":{"_et_pb_use_builder":"on","_et_pb_old_content":"","_et_gb_content_width":"","footnotes":""},"class_list":["post-2581","page","type-page","status-publish","hentry"],"_links":{"self":[{"href":"https:\/\/www.almamaterticinensis.eu\/index.php\/wp-json\/wp\/v2\/pages\/2581","targetHints":{"allow":["GET"]}}],"collection":[{"href":"https:\/\/www.almamaterticinensis.eu\/index.php\/wp-json\/wp\/v2\/pages"}],"about":[{"href":"https:\/\/www.almamaterticinensis.eu\/index.php\/wp-json\/wp\/v2\/types\/page"}],"author":[{"embeddable":true,"href":"https:\/\/www.almamaterticinensis.eu\/index.php\/wp-json\/wp\/v2\/users\/2"}],"replies":[{"embeddable":true,"href":"https:\/\/www.almamaterticinensis.eu\/index.php\/wp-json\/wp\/v2\/comments?post=2581"}],"version-history":[{"count":2,"href":"https:\/\/www.almamaterticinensis.eu\/index.php\/wp-json\/wp\/v2\/pages\/2581\/revisions"}],"predecessor-version":[{"id":3795,"href":"https:\/\/www.almamaterticinensis.eu\/index.php\/wp-json\/wp\/v2\/pages\/2581\/revisions\/3795"}],"up":[{"embeddable":true,"href":"https:\/\/www.almamaterticinensis.eu\/index.php\/wp-json\/wp\/v2\/pages\/2714"}],"wp:attachment":[{"href":"https:\/\/www.almamaterticinensis.eu\/index.php\/wp-json\/wp\/v2\/media?parent=2581"}],"curies":[{"name":"wp","href":"https:\/\/api.w.org\/{rel}","templated":true}]}}