{"id":256,"date":"2016-05-25T13:38:45","date_gmt":"2016-05-25T13:38:45","guid":{"rendered":"https:\/\/www.almamaterticinensis.eu\/?page_id=256"},"modified":"2023-10-06T09:08:18","modified_gmt":"2023-10-06T09:08:18","slug":"finanziamenti","status":"publish","type":"page","link":"https:\/\/www.almamaterticinensis.eu\/index.php\/attivita\/finanziamenti\/","title":{"rendered":"Finanziamenti"},"content":{"rendered":"<p>[et_pb_section fb_built=&#8221;1&#8243; fullwidth=&#8221;on&#8221; custom_padding_last_edited=&#8221;on|desktop&#8221; admin_label=&#8221;section&#8221; _builder_version=&#8221;4.16&#8243; background_color=&#8221;#2ea3f2&#8243; custom_padding_tablet=&#8221;50px|0|50px|0&#8243; custom_padding_phone=&#8221;50px|0|50px|0&#8243; transparent_background=&#8221;off&#8221; padding_mobile=&#8221;off&#8221; make_fullwidth=&#8221;off&#8221; use_custom_width=&#8221;off&#8221; width_unit=&#8221;on&#8221; global_colors_info=&#8221;{}&#8221;][et_pb_fullwidth_header title=&#8221; &#8221; subhead=&#8221; &#8221; content_max_width=&#8221;none&#8221; admin_label=&#8221;Fullwidth Header&#8221; _builder_version=&#8221;4.16&#8243; background_color=&#8221;rgba(255, 255, 255, 0)&#8221; background_image=&#8221;https:\/\/www.almamaterticinensis.eu\/wp-content\/uploads\/2016\/05\/pagina-interna-1_2.jpg&#8221; background_url=&#8221;https:\/\/www.almamaterticinensis.eu\/wp-content\/uploads\/2016\/05\/pagina-interna-1_2.jpg&#8221; button_one_letter_spacing_hover=&#8221;0&#8243; button_two_letter_spacing_hover=&#8221;0&#8243; global_colors_info=&#8221;{}&#8221; button_one_text_size__hover_enabled=&#8221;off&#8221; button_two_text_size__hover_enabled=&#8221;off&#8221; button_one_text_color__hover_enabled=&#8221;off&#8221; button_two_text_color__hover_enabled=&#8221;off&#8221; button_one_border_width__hover_enabled=&#8221;off&#8221; button_two_border_width__hover_enabled=&#8221;off&#8221; button_one_border_color__hover_enabled=&#8221;off&#8221; button_two_border_color__hover_enabled=&#8221;off&#8221; button_one_border_radius__hover_enabled=&#8221;off&#8221; button_two_border_radius__hover_enabled=&#8221;off&#8221; button_one_letter_spacing__hover_enabled=&#8221;on&#8221; button_one_letter_spacing__hover=&#8221;0&#8243; button_two_letter_spacing__hover_enabled=&#8221;on&#8221; button_two_letter_spacing__hover=&#8221;0&#8243; button_one_bg_color__hover_enabled=&#8221;off&#8221; button_two_bg_color__hover_enabled=&#8221;off&#8221;][\/et_pb_fullwidth_header][\/et_pb_section][et_pb_section fb_built=&#8221;1&#8243; admin_label=&#8221;section&#8221; _builder_version=&#8221;4.16&#8243; global_colors_info=&#8221;{}&#8221;][et_pb_row admin_label=&#8221;row&#8221; _builder_version=&#8221;4.16&#8243; background_size=&#8221;initial&#8221; background_position=&#8221;top_left&#8221; background_repeat=&#8221;repeat&#8221; global_colors_info=&#8221;{}&#8221;][et_pb_column type=&#8221;4_4&#8243; _builder_version=&#8221;4.16&#8243; custom_padding=&#8221;|||&#8221; global_colors_info=&#8221;{}&#8221; custom_padding__hover=&#8221;|||&#8221;][et_pb_text admin_label=&#8221;Text&#8221; _builder_version=&#8221;4.19.4&#8243; background_size=&#8221;initial&#8221; background_position=&#8221;top_left&#8221; background_repeat=&#8221;repeat&#8221; hover_enabled=&#8221;0&#8243; use_border_color=&#8221;off&#8221; border_color=&#8221;#ffffff&#8221; border_style=&#8221;solid&#8221; global_colors_info=&#8221;{}&#8221; sticky_enabled=&#8221;0&#8243;]<\/p>\n<h3>Finanziamenti<\/h3>\n<p>Dalla istituzione, nel 2008, la Fondazione <em>Alma Mater Ticinensis<\/em> sostiene finanziariamente i progetti di ricerca dell\u2019Universit\u00e0 di Pavia, con l\u2019obiettivo di valorizzare le potenzialit\u00e0 gi\u00e0 presenti nell\u2019Ateneo pavese, di stimolare iniziative di ricerca di carattere internazionale, multidisciplinare e di eccellenza, oltre che di dare dimostrazione della propria capacit\u00e0 di sfruttare, con finalit\u00e0 imprenditoriali, le risorse poste a sua disposizione.<\/p>\n<p>Dalla sua istituzione, FAMT ha seguito queste direzioni:<\/p>\n<ul>\n<li>dal 2009 al 2013, restauro di una porzione rilevante, comprensiva di una foresteria, di <a href=\"https:\/\/www.almamaterticinensis.eu\/wp-content\/uploads\/2016\/05\/Vistarino-ppt.pdf\">Palazzo Vistarino<\/a>, conferitole dall\u2019Universit\u00e0, risorsa non solo per la Fondazione e per l\u2019Ateneo, ma anche per l\u2019intera citt\u00e0 di Pavia;<\/li>\n<li>dal 2009 al 2011, valorizzazione dell\u2019impianto di <a href=\"https:\/\/www.almamaterticinensis.eu\/wp-content\/uploads\/2016\/05\/CICLOTRONE.pdf\">Ciclotrone<\/a>, perno essenziale per la creazione e la promozione di un centro per la ricerca nel campo della radiofarmacia, con coinvolgimento delle pi\u00f9 importanti realt\u00e0 scientifico e ospedaliere pavesi;<\/li>\n<li>dal 2009 al 2015, finanziamento di 11 posti di ricercatore e 2 borse di dottorato dell\u2019Ateneo pavese;<\/li>\n<li>dal 2010 al 2019, contributo alla fase di start up e finanziamento di una borsa di studio per il progetto PAD-Pavia Archivi Digita<a href=\"http:\/\/pad.unipv.it\/\">li<\/a>;<\/li>\n<li>nel 2011, bando per il finanziamento di 11 progetti di ricerca di elevata qualificazione, per complessivi 960.000 euro, per sostenere il primato dell\u2019Ateneo pavese anche sul piano internazionale;<\/li>\n<li>dal 2015 al 2019, bando annuale per l&#8217;accoglienza, presso Palazzo Vistarino, di tre convegni residenziali organizzati dall&#8217;Universit\u00e0 di Pavia;<\/li>\n<li>nel 2016, bando per il finanziamento di tre borse di dottorato triennali dell&#8217;Universit\u00e0 di Pavia;<\/li>\n<li>dal 2018 al 2021, grazie alla collaborazione con \u00a0UBI Banca (che ha sostenuto gli allievi meritevoli\u00a0con borse di studio) e con l\u2019Universit\u00e0 di Pavia, la Fondazione ha organizzato e proposto un Executive MBA; nel 2021 il master \u00e8 stato accreditato dall&#8217;Universit\u00e0 di Pavia quale <a href=\"https:\/\/www.embaticinensis.eu\/s\/home\">Master universitario di II livello in Business Administration.<\/a><\/li>\n<\/ul>\n<p>[\/et_pb_text][\/et_pb_column][\/et_pb_row][et_pb_row column_structure=&#8221;1_2,1_2&#8243; admin_label=&#8221;row&#8221; _builder_version=&#8221;4.16&#8243; background_size=&#8221;initial&#8221; background_position=&#8221;top_left&#8221; background_repeat=&#8221;repeat&#8221; global_colors_info=&#8221;{}&#8221;][et_pb_column type=&#8221;1_2&#8243; _builder_version=&#8221;4.16&#8243; custom_padding=&#8221;|||&#8221; global_colors_info=&#8221;{}&#8221; custom_padding__hover=&#8221;|||&#8221;][et_pb_text admin_label=&#8221;Text&#8221; _builder_version=&#8221;4.19.4&#8243; background_size=&#8221;initial&#8221; background_position=&#8221;top_left&#8221; background_repeat=&#8221;repeat&#8221; use_border_color=&#8221;off&#8221; border_color=&#8221;#ffffff&#8221; border_style=&#8221;solid&#8221; global_colors_info=&#8221;{}&#8221;]<\/p>\n<h3>Promuovere la ricerca d&#8217;eccellenza<\/h3>\n<p>La Fondazione nel 2010 ha pubblicato un <a href=\"https:\/\/www.almamaterticinensis.eu\/wp-content\/uploads\/2016\/05\/Bando-2009_FAMT.pdf\">bando per la promozione<\/a> e la selezione di progetti di ricerca caratterizzati da elevati livelli di qualit\u00e0 e innovazione, dotati di una forte valenza internazionale e con la partecipazione di giovani studiosi di talento. Per rilanciare il primato dell\u2019Ateneo pavese, potenziando l\u2019attrattivit\u00e0 del suo sistema di formazione e di ricerca. 11 i progetti selezionati |\u00a0 <a href=\"https:\/\/www.almamaterticinensis.eu\/index.php\/attivita\/finanziamenti\/promuovere-la-ricerca-deccellenza\/\">Continua &gt;<\/a><\/p>\n<p>[\/et_pb_text][\/et_pb_column][et_pb_column type=&#8221;1_2&#8243; _builder_version=&#8221;4.16&#8243; custom_padding=&#8221;|||&#8221; global_colors_info=&#8221;{}&#8221; custom_padding__hover=&#8221;|||&#8221;][et_pb_text admin_label=&#8221;Text&#8221; _builder_version=&#8221;4.19.4&#8243; background_size=&#8221;initial&#8221; background_position=&#8221;top_left&#8221; background_repeat=&#8221;repeat&#8221; use_border_color=&#8221;off&#8221; border_color=&#8221;#ffffff&#8221; border_style=&#8221;solid&#8221; global_colors_info=&#8221;{}&#8221;]<\/p>\n<p><img loading=\"lazy\" decoding=\"async\" class=\"alignnone wp-image-943 size-full\" src=\"https:\/\/www.almamaterticinensis.eu\/wp-content\/uploads\/2016\/05\/IMG_6192-e1467203277920.jpg\" alt=\"IMG_6192\" width=\"1500\" height=\"1000\" \/><\/p>\n<p>[\/et_pb_text][\/et_pb_column][\/et_pb_row][et_pb_row column_structure=&#8221;1_3,1_3,1_3&#8243; admin_label=&#8221;row&#8221; _builder_version=&#8221;4.16&#8243; background_size=&#8221;initial&#8221; background_position=&#8221;top_left&#8221; background_repeat=&#8221;repeat&#8221; global_colors_info=&#8221;{}&#8221;][et_pb_column type=&#8221;1_3&#8243; _builder_version=&#8221;4.16&#8243; custom_padding=&#8221;|||&#8221; global_colors_info=&#8221;{}&#8221; custom_padding__hover=&#8221;|||&#8221;][\/et_pb_column][et_pb_column type=&#8221;1_3&#8243; _builder_version=&#8221;4.16&#8243; custom_padding=&#8221;|||&#8221; global_colors_info=&#8221;{}&#8221; custom_padding__hover=&#8221;|||&#8221;][\/et_pb_column][et_pb_column type=&#8221;1_3&#8243; _builder_version=&#8221;4.16&#8243; custom_padding=&#8221;|||&#8221; global_colors_info=&#8221;{}&#8221; custom_padding__hover=&#8221;|||&#8221;][\/et_pb_column][\/et_pb_row][\/et_pb_section]<\/p>\n","protected":false},"excerpt":{"rendered":"","protected":false},"author":1,"featured_media":0,"parent":121,"menu_order":3,"comment_status":"closed","ping_status":"closed","template":"","meta":{"_et_pb_use_builder":"on","_et_pb_old_content":"","_et_gb_content_width":"","footnotes":""},"class_list":["post-256","page","type-page","status-publish","hentry"],"_links":{"self":[{"href":"https:\/\/www.almamaterticinensis.eu\/index.php\/wp-json\/wp\/v2\/pages\/256","targetHints":{"allow":["GET"]}}],"collection":[{"href":"https:\/\/www.almamaterticinensis.eu\/index.php\/wp-json\/wp\/v2\/pages"}],"about":[{"href":"https:\/\/www.almamaterticinensis.eu\/index.php\/wp-json\/wp\/v2\/types\/page"}],"author":[{"embeddable":true,"href":"https:\/\/www.almamaterticinensis.eu\/index.php\/wp-json\/wp\/v2\/users\/1"}],"replies":[{"embeddable":true,"href":"https:\/\/www.almamaterticinensis.eu\/index.php\/wp-json\/wp\/v2\/comments?post=256"}],"version-history":[{"count":29,"href":"https:\/\/www.almamaterticinensis.eu\/index.php\/wp-json\/wp\/v2\/pages\/256\/revisions"}],"predecessor-version":[{"id":4470,"href":"https:\/\/www.almamaterticinensis.eu\/index.php\/wp-json\/wp\/v2\/pages\/256\/revisions\/4470"}],"up":[{"embeddable":true,"href":"https:\/\/www.almamaterticinensis.eu\/index.php\/wp-json\/wp\/v2\/pages\/121"}],"wp:attachment":[{"href":"https:\/\/www.almamaterticinensis.eu\/index.php\/wp-json\/wp\/v2\/media?parent=256"}],"curies":[{"name":"wp","href":"https:\/\/api.w.org\/{rel}","templated":true}]}}