{"id":253,"date":"2016-05-25T13:37:53","date_gmt":"2016-05-25T13:37:53","guid":{"rendered":"https:\/\/www.almamaterticinensis.eu\/?page_id=253"},"modified":"2023-10-06T09:07:15","modified_gmt":"2023-10-06T09:07:15","slug":"sostegno-alla-didattica","status":"publish","type":"page","link":"https:\/\/www.almamaterticinensis.eu\/index.php\/attivita\/sostegno-alla-didattica\/","title":{"rendered":"Sostegno alla didattica"},"content":{"rendered":"<p>[et_pb_section fb_built=&#8221;1&#8243; fullwidth=&#8221;on&#8221; custom_padding_last_edited=&#8221;on|desktop&#8221; admin_label=&#8221;section&#8221; _builder_version=&#8221;3.22&#8243; background_color=&#8221;#2ea3f2&#8243; custom_padding_tablet=&#8221;50px|0|50px|0&#8243; custom_padding_phone=&#8221;&#8221; transparent_background=&#8221;off&#8221; padding_mobile=&#8221;off&#8221; make_fullwidth=&#8221;off&#8221; use_custom_width=&#8221;off&#8221; width_unit=&#8221;on&#8221;][et_pb_fullwidth_header title=&#8221; &#8221; subhead=&#8221; &#8221; content_max_width=&#8221;none&#8221; admin_label=&#8221;Fullwidth Header&#8221; _builder_version=&#8221;3.16&#8243; background_color=&#8221;rgba(255, 255, 255, 0)&#8221; background_image=&#8221;https:\/\/www.almamaterticinensis.eu\/wp-content\/uploads\/2016\/05\/pagina-interna-1_2.jpg&#8221; background_url=&#8221;https:\/\/www.almamaterticinensis.eu\/wp-content\/uploads\/2016\/05\/pagina-interna-1_2.jpg&#8221; button_one_letter_spacing_hover=&#8221;0&#8243; button_two_letter_spacing_hover=&#8221;0&#8243; button_one_text_size__hover_enabled=&#8221;off&#8221; button_two_text_size__hover_enabled=&#8221;off&#8221; button_one_text_color__hover_enabled=&#8221;off&#8221; button_two_text_color__hover_enabled=&#8221;off&#8221; button_one_border_width__hover_enabled=&#8221;off&#8221; button_two_border_width__hover_enabled=&#8221;off&#8221; button_one_border_color__hover_enabled=&#8221;off&#8221; button_two_border_color__hover_enabled=&#8221;off&#8221; button_one_border_radius__hover_enabled=&#8221;off&#8221; button_two_border_radius__hover_enabled=&#8221;off&#8221; button_one_letter_spacing__hover_enabled=&#8221;on&#8221; button_one_letter_spacing__hover=&#8221;0&#8243; button_two_letter_spacing__hover_enabled=&#8221;on&#8221; button_two_letter_spacing__hover=&#8221;0&#8243; button_one_bg_color__hover_enabled=&#8221;off&#8221; button_two_bg_color__hover_enabled=&#8221;off&#8221;] [\/et_pb_fullwidth_header][\/et_pb_section][et_pb_section fb_built=&#8221;1&#8243; admin_label=&#8221;section&#8221; _builder_version=&#8221;3.22&#8243;][et_pb_row admin_label=&#8221;row&#8221; _builder_version=&#8221;3.25&#8243; background_size=&#8221;initial&#8221; background_position=&#8221;top_left&#8221; background_repeat=&#8221;repeat&#8221;][et_pb_column type=&#8221;4_4&#8243; _builder_version=&#8221;3.25&#8243; custom_padding=&#8221;|||&#8221; custom_padding__hover=&#8221;|||&#8221;][et_pb_text admin_label=&#8221;Text&#8221; _builder_version=&#8221;3.27.4&#8243; background_size=&#8221;initial&#8221; background_position=&#8221;top_left&#8221; background_repeat=&#8221;repeat&#8221; use_border_color=&#8221;off&#8221; border_color=&#8221;#ffffff&#8221; border_style=&#8221;solid&#8221;]<\/p>\n<h2>Sostegno alla Didattica<\/h2>\n<p>Aggiornamento, apprendimento, formazione permanente: la Fondazione <em>Alma Mater Ticinensis<\/em> \u00e8 impegnata nelle attivit\u00e0 di valorizzazione dell&#8217;alta formazione e della formazione continua dell&#8217;Universit\u00e0 di Pavia. A tal scopo, la Fondazione promuove e sviluppa l&#8217;internazionalizzazione dei percorsi formativi, sostiene e svolge attivit\u00e0 integrative alla didattica e alla ricerca dell&#8217;Ateneo, realizza servizi e iniziative per favorire le condizioni di studio.<\/p>\n<p>La Fondazione, inoltre, partecipa a iniziative formative organizzate con l&#8217;Ateneo o con altri istituti nazionali e stranieri, con enti, amministrazioni e operatori economici e sociali pubblici e privati. In particolare organizza e gestisce attivit\u00e0 strumentali di supporto alla didattica e corsi di formazione continua, anche\u00a0 in collaborazione con Ordini professionali e istituzioni.<\/p>\n<p>&nbsp;<br \/>\n[\/et_pb_text][\/et_pb_column][\/et_pb_row][et_pb_row column_structure=&#8221;1_2,1_2&#8243; admin_label=&#8221;Row&#8221; _builder_version=&#8221;3.25&#8243; background_size=&#8221;initial&#8221; background_position=&#8221;top_left&#8221; background_repeat=&#8221;repeat&#8221;][et_pb_column type=&#8221;1_2&#8243; _builder_version=&#8221;3.25&#8243; custom_padding=&#8221;|||&#8221; custom_padding__hover=&#8221;|||&#8221;][et_pb_text admin_label=&#8221;Text&#8221; _builder_version=&#8221;3.27.4&#8243; background_size=&#8221;initial&#8221; background_position=&#8221;top_left&#8221; background_repeat=&#8221;repeat&#8221; use_border_color=&#8221;off&#8221; border_color=&#8221;#ffffff&#8221; border_style=&#8221;solid&#8221;]<\/p>\n<h3>Master e corsi residenziali<\/h3>\n<p>Alta Formazione significa seminari residenziali, master, corsi di perfezionamento, <em>summer<\/em> e <em>winter school<\/em>, anche internazionali, destinati a chi \u00e8 gi\u00e0 inserito nel mondo del lavoro o ha avviato un proprio percorso professionale.\u00a0Programmi caratterizzati da elevato contenuto sia scientifico che applicativo e spesso residenziali. Docenti e allievi possono infatti risiedere nella foresteria di <a href=\"https:\/\/www.palazzovistarino.it\">Palazzo Vistarino<\/a>. Le lezioni sono affidate a docenti universitari, esperti di formazione, manager d\u2019impresa e imprenditori: per una corretta integrazione tra metodologia scientifica ed esperienza applicata.<br \/>\n[\/et_pb_text][\/et_pb_column][et_pb_column type=&#8221;1_2&#8243; _builder_version=&#8221;3.25&#8243; custom_padding=&#8221;|||&#8221; custom_padding__hover=&#8221;|||&#8221;][et_pb_text admin_label=&#8221;Text&#8221; _builder_version=&#8221;3.27.4&#8243; background_size=&#8221;initial&#8221; background_position=&#8221;top_left&#8221; background_repeat=&#8221;repeat&#8221; use_border_color=&#8221;off&#8221; border_color=&#8221;#ffffff&#8221; border_style=&#8221;solid&#8221;]<\/p>\n<h3>Aule e foresteria di Palazzo Vistarino<\/h3>\n<p>Le sale del piano nobile di <a href=\"https:\/\/www.palazzovistarino.it\">Palazzo Vistarino<\/a> sono attrezzate per accogliere le attivit\u00e0 didattiche, i convegni, le conferenze e le lezioni. Con una capienza che varia da 25 a 70 presenze, le sale sono tutte dotate di sistemi multimediali all\u2019avanguardia: wi-fi, impianto audio-video integrato per circuiti chiusi, monitor 60\u2032 per proiezioni di immagini, presentazioni e filmati. Gli ospiti e gli allievi di master, summer e winter school, convegni e attivit\u00e0 formative possono risiedere nella foresteria di palazzo Vistarino. Sono 20 le stanze destinate al servizio foresteria: un\u2019occasione davvero unica per scoprire l\u2019ospitalit\u00e0 della \u201cvilla delle delizie\u201d.<br \/>\n[\/et_pb_text][\/et_pb_column][\/et_pb_row][et_pb_row column_structure=&#8221;1_3,1_3,1_3&#8243; admin_label=&#8221;Row&#8221; _builder_version=&#8221;3.25&#8243; background_size=&#8221;initial&#8221; background_position=&#8221;top_left&#8221; background_repeat=&#8221;repeat&#8221;][et_pb_column type=&#8221;1_3&#8243; _builder_version=&#8221;3.25&#8243; custom_padding=&#8221;|||&#8221; custom_padding__hover=&#8221;|||&#8221;][et_pb_text admin_label=&#8221;Text&#8221; _builder_version=&#8221;3.27.4&#8243; background_size=&#8221;initial&#8221; background_position=&#8221;top_left&#8221; background_repeat=&#8221;repeat&#8221; use_border_color=&#8221;off&#8221; border_color=&#8221;#ffffff&#8221; border_style=&#8221;solid&#8221;]<img loading=\"lazy\" decoding=\"async\" class=\"alignnone wp-image-438 size-full\" src=\"https:\/\/www.almamaterticinensis.eu\/wp-content\/uploads\/2016\/05\/6x3_UNIPavia_Ragazzo_Soggetto_1.jpg\" alt=\"6x3_UNIPavia_Ragazzo_Soggetto_1\" width=\"2363\" height=\"1103\" srcset=\"https:\/\/www.almamaterticinensis.eu\/wp-content\/uploads\/2016\/05\/6x3_UNIPavia_Ragazzo_Soggetto_1.jpg 2363w, https:\/\/www.almamaterticinensis.eu\/wp-content\/uploads\/2016\/05\/6x3_UNIPavia_Ragazzo_Soggetto_1-300x140.jpg 300w, https:\/\/www.almamaterticinensis.eu\/wp-content\/uploads\/2016\/05\/6x3_UNIPavia_Ragazzo_Soggetto_1-768x358.jpg 768w, https:\/\/www.almamaterticinensis.eu\/wp-content\/uploads\/2016\/05\/6x3_UNIPavia_Ragazzo_Soggetto_1-1024x478.jpg 1024w, https:\/\/www.almamaterticinensis.eu\/wp-content\/uploads\/2016\/05\/6x3_UNIPavia_Ragazzo_Soggetto_1-1080x504.jpg 1080w\" sizes=\"(max-width: 2363px) 100vw, 2363px\" \/><\/p>\n<p><img loading=\"lazy\" decoding=\"async\" class=\"alignnone wp-image-443 size-full\" src=\"https:\/\/www.almamaterticinensis.eu\/wp-content\/uploads\/2016\/05\/6x3_UNIPavia_Ragazza_Soggetto_2.jpg\" alt=\"6x3_UNIPavia_Ragazza_Soggetto_2\" width=\"2363\" height=\"1103\" srcset=\"https:\/\/www.almamaterticinensis.eu\/wp-content\/uploads\/2016\/05\/6x3_UNIPavia_Ragazza_Soggetto_2.jpg 2363w, https:\/\/www.almamaterticinensis.eu\/wp-content\/uploads\/2016\/05\/6x3_UNIPavia_Ragazza_Soggetto_2-300x140.jpg 300w, https:\/\/www.almamaterticinensis.eu\/wp-content\/uploads\/2016\/05\/6x3_UNIPavia_Ragazza_Soggetto_2-768x358.jpg 768w, https:\/\/www.almamaterticinensis.eu\/wp-content\/uploads\/2016\/05\/6x3_UNIPavia_Ragazza_Soggetto_2-1024x478.jpg 1024w, https:\/\/www.almamaterticinensis.eu\/wp-content\/uploads\/2016\/05\/6x3_UNIPavia_Ragazza_Soggetto_2-1080x504.jpg 1080w\" sizes=\"(max-width: 2363px) 100vw, 2363px\" \/><\/p>\n<p><img loading=\"lazy\" decoding=\"async\" class=\"alignnone wp-image-441 size-full\" src=\"https:\/\/www.almamaterticinensis.eu\/wp-content\/uploads\/2016\/05\/6x3_UNIPavia_RagazzaAsiatica_Soggetto_3.jpg\" alt=\"6x3_UNIPavia_RagazzaAsiatica_Soggetto_3\" width=\"2363\" height=\"1103\" srcset=\"https:\/\/www.almamaterticinensis.eu\/wp-content\/uploads\/2016\/05\/6x3_UNIPavia_RagazzaAsiatica_Soggetto_3.jpg 2363w, https:\/\/www.almamaterticinensis.eu\/wp-content\/uploads\/2016\/05\/6x3_UNIPavia_RagazzaAsiatica_Soggetto_3-300x140.jpg 300w, https:\/\/www.almamaterticinensis.eu\/wp-content\/uploads\/2016\/05\/6x3_UNIPavia_RagazzaAsiatica_Soggetto_3-768x358.jpg 768w, https:\/\/www.almamaterticinensis.eu\/wp-content\/uploads\/2016\/05\/6x3_UNIPavia_RagazzaAsiatica_Soggetto_3-1024x478.jpg 1024w, https:\/\/www.almamaterticinensis.eu\/wp-content\/uploads\/2016\/05\/6x3_UNIPavia_RagazzaAsiatica_Soggetto_3-1080x504.jpg 1080w\" sizes=\"(max-width: 2363px) 100vw, 2363px\" \/><br \/>\n[\/et_pb_text][\/et_pb_column][et_pb_column type=&#8221;1_3&#8243; _builder_version=&#8221;3.25&#8243; custom_padding=&#8221;|||&#8221; custom_padding__hover=&#8221;|||&#8221;][et_pb_text admin_label=&#8221;Text&#8221; _builder_version=&#8221;3.27.4&#8243; background_size=&#8221;initial&#8221; background_position=&#8221;top_left&#8221; background_repeat=&#8221;repeat&#8221; use_border_color=&#8221;off&#8221; border_color=&#8221;#ffffff&#8221; border_style=&#8221;solid&#8221;]<img loading=\"lazy\" decoding=\"async\" class=\"alignnone wp-image-1119 size-full\" src=\"https:\/\/www.almamaterticinensis.eu\/wp-content\/uploads\/2016\/05\/Copia-di-sala-gialla.jpg\" alt=\"Copia di sala-gialla\" width=\"543\" height=\"800\" srcset=\"https:\/\/www.almamaterticinensis.eu\/wp-content\/uploads\/2016\/05\/Copia-di-sala-gialla.jpg 543w, https:\/\/www.almamaterticinensis.eu\/wp-content\/uploads\/2016\/05\/Copia-di-sala-gialla-204x300.jpg 204w\" sizes=\"(max-width: 543px) 100vw, 543px\" \/><br \/>\n[\/et_pb_text][\/et_pb_column][et_pb_column type=&#8221;1_3&#8243; _builder_version=&#8221;3.25&#8243; custom_padding=&#8221;|||&#8221; custom_padding__hover=&#8221;|||&#8221;][et_pb_text admin_label=&#8221;Text&#8221; _builder_version=&#8221;4.4.6&#8243; background_size=&#8221;initial&#8221; background_position=&#8221;top_left&#8221; background_repeat=&#8221;repeat&#8221; hover_enabled=&#8221;0&#8243; use_border_color=&#8221;off&#8221; border_color=&#8221;#ffffff&#8221; border_style=&#8221;solid&#8221;]<\/p>\n<p><img loading=\"lazy\" decoding=\"async\" class=\"wp-image-3708 alignnone size-full\" src=\"https:\/\/www.almamaterticinensis.eu\/wp-content\/uploads\/2020\/05\/IMG_1336.jpg\" alt=\"\" width=\"2016\" height=\"1512\" \/><\/p>\n<p><img loading=\"lazy\" decoding=\"async\" class=\"wp-image-3712 alignnone size-full\" src=\"https:\/\/www.almamaterticinensis.eu\/wp-content\/uploads\/2020\/05\/IMG_1346.jpg\" alt=\"\" width=\"2016\" height=\"1512\" \/><\/p>\n<p>[\/et_pb_text][\/et_pb_column][\/et_pb_row][\/et_pb_section][et_pb_section fb_built=&#8221;1&#8243; specialty=&#8221;on&#8221; admin_label=&#8221;Section&#8221; _builder_version=&#8221;3.22&#8243;][\/et_pb_section]<\/p>\n","protected":false},"excerpt":{"rendered":"","protected":false},"author":1,"featured_media":0,"parent":121,"menu_order":1,"comment_status":"closed","ping_status":"closed","template":"","meta":{"_et_pb_use_builder":"on","_et_pb_old_content":"","_et_gb_content_width":"","footnotes":""},"class_list":["post-253","page","type-page","status-publish","hentry"],"_links":{"self":[{"href":"https:\/\/www.almamaterticinensis.eu\/index.php\/wp-json\/wp\/v2\/pages\/253","targetHints":{"allow":["GET"]}}],"collection":[{"href":"https:\/\/www.almamaterticinensis.eu\/index.php\/wp-json\/wp\/v2\/pages"}],"about":[{"href":"https:\/\/www.almamaterticinensis.eu\/index.php\/wp-json\/wp\/v2\/types\/page"}],"author":[{"embeddable":true,"href":"https:\/\/www.almamaterticinensis.eu\/index.php\/wp-json\/wp\/v2\/users\/1"}],"replies":[{"embeddable":true,"href":"https:\/\/www.almamaterticinensis.eu\/index.php\/wp-json\/wp\/v2\/comments?post=253"}],"version-history":[{"count":28,"href":"https:\/\/www.almamaterticinensis.eu\/index.php\/wp-json\/wp\/v2\/pages\/253\/revisions"}],"predecessor-version":[{"id":3714,"href":"https:\/\/www.almamaterticinensis.eu\/index.php\/wp-json\/wp\/v2\/pages\/253\/revisions\/3714"}],"up":[{"embeddable":true,"href":"https:\/\/www.almamaterticinensis.eu\/index.php\/wp-json\/wp\/v2\/pages\/121"}],"wp:attachment":[{"href":"https:\/\/www.almamaterticinensis.eu\/index.php\/wp-json\/wp\/v2\/media?parent=253"}],"curies":[{"name":"wp","href":"https:\/\/api.w.org\/{rel}","templated":true}]}}