{"id":239,"date":"2016-05-25T13:32:39","date_gmt":"2016-05-25T13:32:39","guid":{"rendered":"https:\/\/www.almamaterticinensis.eu\/?page_id=239"},"modified":"2025-05-10T12:13:52","modified_gmt":"2025-05-10T12:13:52","slug":"soci-fondatori","status":"publish","type":"page","link":"https:\/\/www.almamaterticinensis.eu\/index.php\/chi-siamo\/soci-fondatori\/","title":{"rendered":"Soci fondatori"},"content":{"rendered":"<p>[et_pb_section fb_built=&#8221;1&#8243; fullwidth=&#8221;on&#8221; admin_label=&#8221;section&#8221; _builder_version=&#8221;4.16&#8243; background_color=&#8221;#2ea3f2&#8243; global_colors_info=&#8221;{}&#8221;][et_pb_fullwidth_header title=&#8221; &#8221; subhead=&#8221; &#8221; content_max_width=&#8221;none&#8221; admin_label=&#8221;Fullwidth Header&#8221; _builder_version=&#8221;4.16&#8243; background_color=&#8221;rgba(255, 255, 255, 0)&#8221; background_image=&#8221;https:\/\/www.almamaterticinensis.eu\/wp-content\/uploads\/2016\/05\/box1.jpg&#8221; background_url=&#8221;https:\/\/www.almamaterticinensis.eu\/wp-content\/uploads\/2016\/05\/box1.jpg&#8221; button_one_letter_spacing_hover=&#8221;0&#8243; button_two_letter_spacing_hover=&#8221;0&#8243; global_colors_info=&#8221;{}&#8221; button_one_text_size__hover_enabled=&#8221;off&#8221; button_two_text_size__hover_enabled=&#8221;off&#8221; button_one_text_color__hover_enabled=&#8221;off&#8221; button_two_text_color__hover_enabled=&#8221;off&#8221; button_one_border_width__hover_enabled=&#8221;off&#8221; button_two_border_width__hover_enabled=&#8221;off&#8221; button_one_border_color__hover_enabled=&#8221;off&#8221; button_two_border_color__hover_enabled=&#8221;off&#8221; button_one_border_radius__hover_enabled=&#8221;off&#8221; button_two_border_radius__hover_enabled=&#8221;off&#8221; button_one_letter_spacing__hover_enabled=&#8221;on&#8221; button_one_letter_spacing__hover=&#8221;0&#8243; button_two_letter_spacing__hover_enabled=&#8221;on&#8221; button_two_letter_spacing__hover=&#8221;0&#8243; button_one_bg_color__hover_enabled=&#8221;off&#8221; button_two_bg_color__hover_enabled=&#8221;off&#8221;] [\/et_pb_fullwidth_header][\/et_pb_section][et_pb_section fb_built=&#8221;1&#8243; admin_label=&#8221;section&#8221; _builder_version=&#8221;4.16&#8243; global_colors_info=&#8221;{}&#8221;][et_pb_row admin_label=&#8221;row&#8221; _builder_version=&#8221;4.16&#8243; background_size=&#8221;initial&#8221; background_position=&#8221;top_left&#8221; background_repeat=&#8221;repeat&#8221; global_colors_info=&#8221;{}&#8221;][et_pb_column type=&#8221;4_4&#8243; _builder_version=&#8221;4.16&#8243; custom_padding=&#8221;|||&#8221; global_colors_info=&#8221;{}&#8221; custom_padding__hover=&#8221;|||&#8221;][et_pb_post_title meta=&#8221;off&#8221; featured_image=&#8221;off&#8221; admin_label=&#8221;Post Title&#8221; _builder_version=&#8221;4.16&#8243; title_all_caps=&#8221;off&#8221; background_color=&#8221;rgba(255,255,255,0)&#8221; parallax=&#8221;on&#8221; parallax_method=&#8221;off&#8221; parallax_effect=&#8221;on&#8221; module_bg_color=&#8221;rgba(255,255,255,0)&#8221; use_border_color=&#8221;off&#8221; border_color=&#8221;#ffffff&#8221; border_style=&#8221;solid&#8221; global_colors_info=&#8221;{}&#8221;] [\/et_pb_post_title][et_pb_text admin_label=&#8221;Text&#8221; _builder_version=&#8221;4.19.4&#8243; background_size=&#8221;initial&#8221; background_position=&#8221;top_left&#8221; background_repeat=&#8221;repeat&#8221; hover_enabled=&#8221;0&#8243; use_border_color=&#8221;off&#8221; border_color=&#8221;#ffffff&#8221; border_style=&#8221;solid&#8221; global_colors_info=&#8221;{}&#8221; sticky_enabled=&#8221;0&#8243;]<\/p>\n<p>La Fondazione Alma Mater Ticinensis \u00e8 stata istituita &#8211; ai sensi dell&#8217;art. 59, comma 3, della legge 23 dicembre 2000, n. 388 e del DPR 24 maggio 2001 relativo al \u201cRegolamento recante criteri e modalit\u00e0 per la costituzione di fondazioni universitarie di diritto privato\u201d &#8211; il 24 ottobre 2007. Soci fondatori sono l&#8217;Universit\u00e0 di Pavia e la Fondazione Monte di Lombardia.<\/p>\n<h3>Fondazione Monte di Lombardia<\/h3>\n<p>&nbsp;<\/p>\n<p><img loading=\"lazy\" decoding=\"async\" class=\"wp-image-5004  alignleft\" src=\"https:\/\/www.almamaterticinensis.eu\/wp-content\/uploads\/2025\/05\/Fondazione_Monte_di_Lombardia_sx_completo_small-copia.jpg\" alt=\"\" width=\"291\" height=\"79\" \/>La <a href=\"https:\/\/www.fbml.it\">Fondazione Monte di Lombardia<\/a> \u00e8 una Fondazione di origine bancaria, che persegue esclusivamente scopi di utilit\u00e0 sociale e di promozione dello sviluppo economico. Gli scopi di utilit\u00e0 sociale sono quelli costituiti dal perseguimento di finalit\u00e0 che abbiano la funzione diretta o mediata di far crescere la societ\u00e0 civile, di prevenire, correggere e migliorare aspetti specifici della realt\u00e0 sociale e di affrontare bisogni emergenti della vita comunitaria.<\/p>\n<p>&nbsp;<\/p>\n<h3>Universit\u00e0 degli Studi di Pavia<\/h3>\n<p><img loading=\"lazy\" decoding=\"async\" class=\"wp-image-3341 alignleft\" src=\"https:\/\/www.almamaterticinensis.eu\/wp-content\/uploads\/2016\/05\/light_-MAIN_LOGO_scrittasotto_1000x1000-Granata-su-bianco-e1553245124924-260x300.jpg\" alt=\"RGB base\" width=\"192\" height=\"222\" srcset=\"https:\/\/www.almamaterticinensis.eu\/wp-content\/uploads\/2016\/05\/light_-MAIN_LOGO_scrittasotto_1000x1000-Granata-su-bianco-e1553245124924-260x300.jpg 260w, https:\/\/www.almamaterticinensis.eu\/wp-content\/uploads\/2016\/05\/light_-MAIN_LOGO_scrittasotto_1000x1000-Granata-su-bianco-e1553245124924-768x888.jpg 768w, https:\/\/www.almamaterticinensis.eu\/wp-content\/uploads\/2016\/05\/light_-MAIN_LOGO_scrittasotto_1000x1000-Granata-su-bianco-e1553245124924-886x1024.jpg 886w, https:\/\/www.almamaterticinensis.eu\/wp-content\/uploads\/2016\/05\/light_-MAIN_LOGO_scrittasotto_1000x1000-Granata-su-bianco-e1553245124924-1080x1248.jpg 1080w\" sizes=\"(max-width: 192px) 100vw, 192px\" \/><\/p>\n<p>L&#8217;<a href=\"http:\/\/www.unipv.eu\">Universit\u00e0 di Pavia<\/a> \u00e8 ente di riferimento della Fondazione <em>Alma Mater Ticinensis<\/em>. Fondata nel 1361, oggi offre, nelle sedi di Pavia e Mantova, con 18 dipartimenti\u00a0 e 2 facolt\u00e0, 84 corsi di laurea. Propone progetti di ricerca miltidisciplinari e internazionali, percorsi di studio innovativi, dialogo con le imprese.<\/p>\n<p>L\u2019Universit\u00e0 di Pavia \u00e8 un campus a misura di studente, con oltre 23.000 iscritti, 20 collegi universitari, moderne strutture per lo studio, lo sport e il tempo libero. L\u2019Ateneo pavese garantisce ai propri studenti un percorso di orientamento personalizzato, 1.500 borse di studio, oltre 400 programmi di scambio con Universit\u00e0 di tutto il mondo, migliaia di occasioni di stage, contatti con le imprese e il mondo del lavoro.<\/p>\n<p>[\/et_pb_text][\/et_pb_column][\/et_pb_row][\/et_pb_section]<\/p>\n","protected":false},"excerpt":{"rendered":"","protected":false},"author":1,"featured_media":0,"parent":119,"menu_order":0,"comment_status":"closed","ping_status":"closed","template":"","meta":{"_et_pb_use_builder":"on","_et_pb_old_content":"","_et_gb_content_width":"","footnotes":""},"class_list":["post-239","page","type-page","status-publish","hentry"],"_links":{"self":[{"href":"https:\/\/www.almamaterticinensis.eu\/index.php\/wp-json\/wp\/v2\/pages\/239","targetHints":{"allow":["GET"]}}],"collection":[{"href":"https:\/\/www.almamaterticinensis.eu\/index.php\/wp-json\/wp\/v2\/pages"}],"about":[{"href":"https:\/\/www.almamaterticinensis.eu\/index.php\/wp-json\/wp\/v2\/types\/page"}],"author":[{"embeddable":true,"href":"https:\/\/www.almamaterticinensis.eu\/index.php\/wp-json\/wp\/v2\/users\/1"}],"replies":[{"embeddable":true,"href":"https:\/\/www.almamaterticinensis.eu\/index.php\/wp-json\/wp\/v2\/comments?post=239"}],"version-history":[{"count":22,"href":"https:\/\/www.almamaterticinensis.eu\/index.php\/wp-json\/wp\/v2\/pages\/239\/revisions"}],"predecessor-version":[{"id":5010,"href":"https:\/\/www.almamaterticinensis.eu\/index.php\/wp-json\/wp\/v2\/pages\/239\/revisions\/5010"}],"up":[{"embeddable":true,"href":"https:\/\/www.almamaterticinensis.eu\/index.php\/wp-json\/wp\/v2\/pages\/119"}],"wp:attachment":[{"href":"https:\/\/www.almamaterticinensis.eu\/index.php\/wp-json\/wp\/v2\/media?parent=239"}],"curies":[{"name":"wp","href":"https:\/\/api.w.org\/{rel}","templated":true}]}}