{"id":125,"date":"2016-05-16T09:44:30","date_gmt":"2016-05-16T09:44:30","guid":{"rendered":"https:\/\/www.almamaterticinensis.eu\/?page_id=125"},"modified":"2025-12-12T09:03:25","modified_gmt":"2025-12-12T09:03:25","slug":"trasparenza","status":"publish","type":"page","link":"https:\/\/www.almamaterticinensis.eu\/index.php\/trasparenza\/","title":{"rendered":"Fondazione trasparente"},"content":{"rendered":"<p>[et_pb_section fb_built=&#8221;1&#8243; fullwidth=&#8221;on&#8221; admin_label=&#8221;section&#8221; _builder_version=&#8221;4.16&#8243; background_color=&#8221;#2ea3f2&#8243; global_colors_info=&#8221;{}&#8221;][et_pb_fullwidth_header title=&#8221; &#8221; subhead=&#8221; &#8221; content_max_width=&#8221;none&#8221; admin_label=&#8221;Fullwidth Header&#8221; _builder_version=&#8221;4.16&#8243; background_color=&#8221;rgba(255, 255, 255, 0)&#8221; background_image=&#8221;https:\/\/www.almamaterticinensis.eu\/wp-content\/uploads\/2016\/05\/IMG_8183.jpg&#8221; background_url=&#8221;https:\/\/www.almamaterticinensis.eu\/wp-content\/uploads\/2016\/05\/IMG_8183.jpg&#8221; button_one_letter_spacing_hover=&#8221;0&#8243; button_two_letter_spacing_hover=&#8221;0&#8243; global_colors_info=&#8221;{}&#8221; button_one_text_size__hover_enabled=&#8221;off&#8221; button_two_text_size__hover_enabled=&#8221;off&#8221; button_one_text_color__hover_enabled=&#8221;off&#8221; button_two_text_color__hover_enabled=&#8221;off&#8221; button_one_border_width__hover_enabled=&#8221;off&#8221; button_two_border_width__hover_enabled=&#8221;off&#8221; button_one_border_color__hover_enabled=&#8221;off&#8221; button_two_border_color__hover_enabled=&#8221;off&#8221; button_one_border_radius__hover_enabled=&#8221;off&#8221; button_two_border_radius__hover_enabled=&#8221;off&#8221; button_one_letter_spacing__hover_enabled=&#8221;on&#8221; button_one_letter_spacing__hover=&#8221;0&#8243; button_two_letter_spacing__hover_enabled=&#8221;on&#8221; button_two_letter_spacing__hover=&#8221;0&#8243; button_one_bg_color__hover_enabled=&#8221;off&#8221; button_two_bg_color__hover_enabled=&#8221;off&#8221;] [\/et_pb_fullwidth_header][\/et_pb_section][et_pb_section fb_built=&#8221;1&#8243; admin_label=&#8221;section&#8221; _builder_version=&#8221;4.16&#8243; global_colors_info=&#8221;{}&#8221;][et_pb_row column_structure=&#8221;2_3,1_3&#8243; admin_label=&#8221;row&#8221; _builder_version=&#8221;4.16&#8243; background_size=&#8221;initial&#8221; background_position=&#8221;top_left&#8221; background_repeat=&#8221;repeat&#8221; global_colors_info=&#8221;{}&#8221;][et_pb_column type=&#8221;2_3&#8243; _builder_version=&#8221;4.16&#8243; custom_padding=&#8221;|||&#8221; global_colors_info=&#8221;{}&#8221; custom_padding__hover=&#8221;|||&#8221;][et_pb_post_title meta=&#8221;off&#8221; featured_image=&#8221;off&#8221; admin_label=&#8221;Post Title&#8221; _builder_version=&#8221;4.16&#8243; title_all_caps=&#8221;off&#8221; background_color=&#8221;rgba(255,255,255,0)&#8221; parallax=&#8221;on&#8221; parallax_method=&#8221;off&#8221; parallax_effect=&#8221;on&#8221; module_bg_color=&#8221;rgba(255,255,255,0)&#8221; use_border_color=&#8221;off&#8221; border_color=&#8221;#ffffff&#8221; border_style=&#8221;solid&#8221; global_colors_info=&#8221;{}&#8221;] [\/et_pb_post_title][et_pb_text admin_label=&#8221;Text&#8221; _builder_version=&#8221;4.27.4&#8243; background_size=&#8221;initial&#8221; background_position=&#8221;top_left&#8221; background_repeat=&#8221;repeat&#8221; hover_enabled=&#8221;0&#8243; use_border_color=&#8221;off&#8221; border_color=&#8221;#ffffff&#8221; border_style=&#8221;solid&#8221; global_colors_info=&#8221;{}&#8221; sticky_enabled=&#8221;0&#8243;]<\/p>\n<p>La Fondazione <em>Alma Mater Ticinensis<\/em> \u00e8 un ente di diritto privato (di cui all&#8217;art. 2-bis, co.3, d.lgs n. 33\/2013) e pertanto tenuta parzialmente agli obblighi di pubblicazione e trasparenza ex art. 4 bis come previsto per Associazioni, Fondazioni e altri enti di diritto privato.<\/p>\n<p>In virt\u00f9 di quanto specificato dalla Delibera n. 1134 dell&#8217;8 novembre 2017, la Fondazione <em>Alma Mater Ticinensis<\/em> \u00e8 tenuta alla trasparenza solo relativamente alle attivit\u00e0 di pubblico intreresse svolte; non \u00e8 invece prevista l&#8217;adozione del PTPC e di altre misure di prevenzione della corruzione.<\/p>\n<p>La Responsabile della Prevenzione della Corruzione e della Trasparenza \u00e8 la Dott.ssa Grazia Bruttocao, dirigente della Fondazione <em>Alma Mater Ticinensis<\/em>, nominata dal Consiglio di Amministrazione con delibera del 22 febbraio 2016. (<a href=\"https:\/\/www.almamaterticinensis.eu\/wp-content\/uploads\/2016\/12\/estratto-trasparenza-verbale-febbraio-CdA_FAMT_201602221.pdf\">estratto verbale Consiglio di Amministrazione del 22.02.2016<\/a>).<br \/>E-mail: <a href=\"mailto:fondazione@unipv.it\">fondazione@unipv.it<\/a>\u00a0&#8211;\u00a0Telefono: 0382 984971<\/p>\n<p>Il D.lgs. n. 33\/2013 ha introdotto l&#8217;istituto dell&#8217;Accesso civico le cui informazioni sono collocate in <a href=\"https:\/\/www.almamaterticinensis.eu\/index.php\/trasparenza\/altri-contenuti\/accesso-civico\/\">Altri contenuti.<\/a><\/p>\n<p>I dati personali pubblicati in questa sezione &#8220;sono riutilizzabili solo alle condizioni previste dalla normativa vigente sul riuso dei dati pubblici (direttiva comunitaria 2003\/98\/CE e D.lgs 36\/2006 di recepimento della stessa), in termini compatibili con gli scopi per i quali sono stati raccolti e registrati e nel rispetto della normativa in materia di protezione dei dati personali&#8221;.<\/p>\n<p>I dati sono pubblicati nel rispetto delle indicazioni contenute nel D.lgs n.33\/2013. Laddove prevista, la pubblicazione avviene in formato .csv &#8211; tabellare aperto &#8211; che consente la rielaborazione del dato. In alcuni casi e solo per determinati contenuti, lo stesso file \u00e8 pubblicato anche in formato .pdf, che rappresenta una pubblicazione aggiuntiva, essendo il dettato normativo gi\u00e0 rispettato con il formato .csv.<\/p>\n<p><em>Le pagine della sezione &#8220;Fondazione trasparente&#8221; sono in costante aggiornamento.<\/em><\/p>\n<p>[\/et_pb_text][\/et_pb_column][et_pb_column type=&#8221;1_3&#8243; _builder_version=&#8221;4.16&#8243; custom_padding=&#8221;|||&#8221; global_colors_info=&#8221;{}&#8221; custom_padding__hover=&#8221;|||&#8221;][et_pb_text admin_label=&#8221;Text&#8221; module_id=&#8221;menu-trasparenza&#8221; _builder_version=&#8221;4.16&#8243; background_size=&#8221;initial&#8221; background_position=&#8221;top_left&#8221; background_repeat=&#8221;repeat&#8221; use_border_color=&#8221;off&#8221; border_color=&#8221;#ffffff&#8221; border_style=&#8221;solid&#8221; global_colors_info=&#8221;{}&#8221;] <ul>\r\n<li><a href=\"https:\/\/www.almamaterticinensis.eu\/index.php\/trasparenza\/disposizioni-generali\/\">Disposizioni generali<\/a><\/li>\r\n<li><a href=\"https:\/\/www.almamaterticinensis.eu\/?page_id=2304&amp;preview=true\">Organizzazione<\/a><\/li>\r\n<li><a href=\"https:\/\/www.almamaterticinensis.eu\/index.php\/trasparenza\/selezione-del-personale-2\/\">Selezione del personale<\/a><\/li>\r\n<li><a href=\"https:\/\/www.almamaterticinensis.eu\/index.php\/trasparenza\/consulenti-e-collaboratori\/\">Consulenti e collaboratori<\/a><\/li>\r\n<li><a href=\"https:\/\/www.almamaterticinensis.eu\/index.php\/trasparenza\/bandi-di-gara-e-contratti\/\">Bandi di gara e contratti<\/a><\/li>\r\n<li><a href=\"https:\/\/www.almamaterticinensis.eu\/index.php\/trasparenza\/attivita-e-procedimenti\/\">Attivit\u00e0 e procedimenti<\/a><\/li>\r\n<li><a href=\"https:\/\/www.almamaterticinensis.eu\/index.php\/trasparenza\/sovvenzioni-contributi-sussidi-vantaggi-economici\/\">Sovvenzioni, contributi, sussidi, vantaggi economici<\/a><\/li>\r\n<li><a href=\"https:\/\/www.almamaterticinensis.eu\/index.php\/trasparenza\/bilanci\/\">Bilanci<\/a><\/li>\r\n<li>Beni immobili<\/li>\r\n<li><a href=\"https:\/\/www.almamaterticinensis.eu\/index.php\/trasparenza\/controlli-e-rilievi-sulla-fondazione\/\">Controlli e rilievi sulla Fondazione<\/a><\/li>\r\n<li><a href=\"https:\/\/www.almamaterticinensis.eu\/index.php\/trasparenza\/pagamenti-dellamministrazione\/\">Pagamenti<\/a><\/li>\r\n<li><a href=\"https:\/\/www.almamaterticinensis.eu\/index.php\/trasparenza\/altri-contenuti\/\">Altri contenuti<\/a><\/li>\r\n<\/ul> [\/et_pb_text][\/et_pb_column][\/et_pb_row][\/et_pb_section]<\/p>\n","protected":false},"excerpt":{"rendered":"","protected":false},"author":1,"featured_media":0,"parent":0,"menu_order":0,"comment_status":"closed","ping_status":"closed","template":"","meta":{"_et_pb_use_builder":"on","_et_pb_old_content":"","_et_gb_content_width":"","footnotes":""},"class_list":["post-125","page","type-page","status-publish","hentry"],"_links":{"self":[{"href":"https:\/\/www.almamaterticinensis.eu\/index.php\/wp-json\/wp\/v2\/pages\/125","targetHints":{"allow":["GET"]}}],"collection":[{"href":"https:\/\/www.almamaterticinensis.eu\/index.php\/wp-json\/wp\/v2\/pages"}],"about":[{"href":"https:\/\/www.almamaterticinensis.eu\/index.php\/wp-json\/wp\/v2\/types\/page"}],"author":[{"embeddable":true,"href":"https:\/\/www.almamaterticinensis.eu\/index.php\/wp-json\/wp\/v2\/users\/1"}],"replies":[{"embeddable":true,"href":"https:\/\/www.almamaterticinensis.eu\/index.php\/wp-json\/wp\/v2\/comments?post=125"}],"version-history":[{"count":26,"href":"https:\/\/www.almamaterticinensis.eu\/index.php\/wp-json\/wp\/v2\/pages\/125\/revisions"}],"predecessor-version":[{"id":5158,"href":"https:\/\/www.almamaterticinensis.eu\/index.php\/wp-json\/wp\/v2\/pages\/125\/revisions\/5158"}],"wp:attachment":[{"href":"https:\/\/www.almamaterticinensis.eu\/index.php\/wp-json\/wp\/v2\/media?parent=125"}],"curies":[{"name":"wp","href":"https:\/\/api.w.org\/{rel}","templated":true}]}}