{"id":119,"date":"2016-05-16T09:43:53","date_gmt":"2016-05-16T09:43:53","guid":{"rendered":"https:\/\/www.almamaterticinensis.eu\/?page_id=119"},"modified":"2020-05-11T11:13:21","modified_gmt":"2020-05-11T11:13:21","slug":"chi-siamo","status":"publish","type":"page","link":"https:\/\/www.almamaterticinensis.eu\/index.php\/chi-siamo\/","title":{"rendered":"Chi siamo"},"content":{"rendered":"<p>[et_pb_section admin_label=&#8221;section&#8221; fullwidth=&#8221;on&#8221; specialty=&#8221;off&#8221; inner_shadow=&#8221;off&#8221; parallax=&#8221;off&#8221; background_color=&#8221;#2ea3f2&#8243;][et_pb_fullwidth_header admin_label=&#8221;Fullwidth Header&#8221; title=&#8221; &#8221; subhead=&#8221; &#8221; background_layout=&#8221;dark&#8221; text_orientation=&#8221;left&#8221; header_fullscreen=&#8221;off&#8221; header_scroll_down=&#8221;off&#8221; background_url=&#8221;https:\/\/www.almamaterticinensis.eu\/wp-content\/uploads\/2016\/05\/box1.jpg&#8221; parallax=&#8221;off&#8221; parallax_method=&#8221;off&#8221; content_orientation=&#8221;center&#8221; image_orientation=&#8221;center&#8221; custom_button_one=&#8221;off&#8221; button_one_letter_spacing=&#8221;0&#8243; button_one_use_icon=&#8221;default&#8221; button_one_icon_placement=&#8221;right&#8221; button_one_on_hover=&#8221;on&#8221; button_one_letter_spacing_hover=&#8221;0&#8243; custom_button_two=&#8221;off&#8221; button_two_letter_spacing=&#8221;0&#8243; button_two_use_icon=&#8221;default&#8221; button_two_icon_placement=&#8221;right&#8221; button_two_on_hover=&#8221;on&#8221; button_two_letter_spacing_hover=&#8221;0&#8243;] [\/et_pb_fullwidth_header][\/et_pb_section][et_pb_section admin_label=&#8221;section&#8221;][et_pb_row admin_label=&#8221;row&#8221;][et_pb_column type=&#8221;4_4&#8243;][et_pb_text admin_label=&#8221;Text&#8221; background_layout=&#8221;light&#8221; text_orientation=&#8221;left&#8221; use_border_color=&#8221;off&#8221; border_color=&#8221;#ffffff&#8221; border_style=&#8221;solid&#8221;]<\/p>\n<h3>La Fondazione Alma Mater Ticinensis<\/h3>\n<p>Istituita nel 2007, la Fondazione <em>Alma Mater Ticinensis<\/em> di Pavia annovera due soci fondatori: l\u2019Universit\u00e0 degli Studi di Pavia e la Fondazione Banca del Monte di Lombardia.<\/p>\n<p>La sua <em>mission<\/em> \u00e8 promuovere, valorizzare e rendere fruibili le conoscenze dell\u2019Universit\u00e0 di Pavia. A questo scopo la Fondazione si propone di favorire la collaborazione fra l\u2019Ateneo e la comunit\u00e0 economica e sociale, sostenere la creazione di nuove realt\u00e0 imprenditoriali, agevolare il trasferimento di innovazione dal mondo accademico alle aziende e alla pubblica amministrazione, dare impulso alla realizzazione di cooperazioni a livello internazionale, incentivare la ricerca innovativa di eccellenza.<\/p>\n<p>La Fondazione <em>Alma Mater Ticinensis<\/em> si colloca in una posizione strategica per agire in sinergia con l\u2019Universit\u00e0 degli Studi di Pavia, con le altre Universit\u00e0 e Fondazioni italiane, con le aziende e con la pubblica amministrazione, per favorirne la collaborazione. La sua finalit\u00e0 \u00e8 in primo luogo affiancare l\u2019Ateneo nel perseguire lo sviluppo sociale, economico e culturale del nostro Paese.<\/p>\n<p>[\/et_pb_text][\/et_pb_column][\/et_pb_row][et_pb_row admin_label=&#8221;row&#8221;][et_pb_column type=&#8221;1_2&#8243;][et_pb_text admin_label=&#8221;Text&#8221; background_layout=&#8221;light&#8221; text_orientation=&#8221;left&#8221; use_border_color=&#8221;off&#8221; border_color=&#8221;#ffffff&#8221; border_style=&#8221;solid&#8221;]<\/p>\n<h3>Gli organi della Fondazione<\/h3>\n<div data-canvas-width=\"531.6261369955198\">La Fondazione \u00e8 guidata da un Consiglio di Amministrazione, presieduto dal Rettore dell&#8217;Universit\u00e0 di Pavia e composto da cinque membri. Accanto al Consiglio di Amministrazione, che definisce le linee strategiche di sviluppo e di gestione, gli obiettivi e i programmi, sono organi dell&#8217;<em>Alma Mater Ticinensis<\/em> il Collegio dei Revisori dei Conti,\u00a0 e il Comitato Scientifico, che svolge attivit\u00e0 di consulenza e collaborazione con il CdA e con il Presidente. <a href=\"https:\/\/www.almamaterticinensis.eu\/index.php\/chi-siamo\/consiglio-di-amministrazione\/\">| Continua &gt;<\/a><\/div>\n<p>&nbsp;<\/p>\n<p>[\/et_pb_text][\/et_pb_column][et_pb_column type=&#8221;1_2&#8243;][et_pb_text admin_label=&#8221;Text&#8221; background_layout=&#8221;light&#8221; text_orientation=&#8221;left&#8221; use_border_color=&#8221;off&#8221; border_color=&#8221;#ffffff&#8221; border_style=&#8221;solid&#8221;]<\/p>\n<h3>I soci fondatori<\/h3>\n<p>Sono soci fondatori dell&#8217;<em>Alma Mater Ticinensis<\/em> la Fondazione Banca del Monte di Lombardia e l&#8217;Universit\u00e0 degli Studi di Pavia. La Fondazione Banca del Monte di Lombardia \u00e8 una Fondazione di origine bancaria, che persegue esclusivamente scopi di utilit\u00e0 sociale e di promozione dello sviluppo economico. L&#8217;Universit\u00e0 di Pavia \u00e8 un Ateneo storico, multidisciplinare, internazionale, tra i primi in Italia per didattica e ricerca. <a href=\"https:\/\/www.almamaterticinensis.eu\/index.php\/chi-siamo\/soci-fondatori\/\">| Continia &gt;<\/a><\/p>\n<p>[\/et_pb_text][\/et_pb_column][\/et_pb_row][et_pb_row admin_label=&#8221;row&#8221;][et_pb_column type=&#8221;1_3&#8243;][et_pb_text admin_label=&#8221;Text&#8221; background_layout=&#8221;light&#8221; text_orientation=&#8221;left&#8221; use_border_color=&#8221;off&#8221; border_color=&#8221;#ffffff&#8221; border_style=&#8221;solid&#8221;]<\/p>\n<h4>Le attivit\u00e0<\/h4>\n<p>La Fondazione Alma Mater Ticinensis, in qualit\u00e0 di ente strumentale dell&#8217;Universit\u00e0 di Pavia, opera per valorizzare l&#8217;attivit\u00e0 di ricerca e di formazione dell\u2019Ateneo e per promuoverne l&#8217;internazionalizzazione e il trasferimento della conoscenza. Presso la sede di Palazzo Bellisomi-Vistarino ospita e organizza corsi di alta formazione, convegni e seminari residenziali, mostre, concerti e incontri culturali. | <a href=\"https:\/\/www.almamaterticinensis.eu\/index.php\/attivita\/\">Continua &gt;<\/a><\/p>\n<p>[\/et_pb_text][\/et_pb_column][et_pb_column type=&#8221;1_3&#8243;][et_pb_text admin_label=&#8221;Text&#8221; background_layout=&#8221;light&#8221; text_orientation=&#8221;left&#8221; use_border_color=&#8221;off&#8221; border_color=&#8221;#ffffff&#8221; border_style=&#8221;solid&#8221;]<\/p>\n<h4>La sede<\/h4>\n<p>Sede della Fondazione <em>Alma Mater Ticinensis<\/em> \u00e8 palazzo Bellisomi-Vistarino, tornato a nuova vita nel 2013, dopo il restauro iniziato nel 2007.\u00a0 Tra gli esempi pi\u00f9 importanti del barocchetto lombardo, Palazzo Vistarino \u00e8 una residenza nobiliare di origine settecentesca, affacciata sul fiume Ticino, nel cuore di Pavia. Una &#8220;villa delle delizie&#8221; che propone un \u00a0felice dialogo tra la citt\u00e0 e il fiume. <a href=\"https:\/\/www.almamaterticinensis.eu\/index.php\/palazzo-vistarino\/\">| Continua &gt;<\/a><\/p>\n<p>[\/et_pb_text][\/et_pb_column][et_pb_column type=&#8221;1_3&#8243;][et_pb_text admin_label=&#8221;Text&#8221; background_layout=&#8221;light&#8221; text_orientation=&#8221;left&#8221; use_border_color=&#8221;off&#8221; border_color=&#8221;#ffffff&#8221; border_style=&#8221;solid&#8221;]<\/p>\n<p><img loading=\"lazy\" decoding=\"async\" class=\"alignnone wp-image-39 size-full\" src=\"https:\/\/www.almamaterticinensis.eu\/wp-content\/uploads\/2016\/05\/1-palazzo-Vistarino.jpg\" alt=\"1 palazzo Vistarino\" width=\"5184\" height=\"3456\" \/><\/p>\n<p>[\/et_pb_text][\/et_pb_column][\/et_pb_row][\/et_pb_section]<\/p>\n","protected":false},"excerpt":{"rendered":"","protected":false},"author":1,"featured_media":0,"parent":0,"menu_order":0,"comment_status":"closed","ping_status":"closed","template":"","meta":{"_et_pb_use_builder":"on","_et_pb_old_content":"","_et_gb_content_width":"","footnotes":""},"class_list":["post-119","page","type-page","status-publish","hentry"],"_links":{"self":[{"href":"https:\/\/www.almamaterticinensis.eu\/index.php\/wp-json\/wp\/v2\/pages\/119","targetHints":{"allow":["GET"]}}],"collection":[{"href":"https:\/\/www.almamaterticinensis.eu\/index.php\/wp-json\/wp\/v2\/pages"}],"about":[{"href":"https:\/\/www.almamaterticinensis.eu\/index.php\/wp-json\/wp\/v2\/types\/page"}],"author":[{"embeddable":true,"href":"https:\/\/www.almamaterticinensis.eu\/index.php\/wp-json\/wp\/v2\/users\/1"}],"replies":[{"embeddable":true,"href":"https:\/\/www.almamaterticinensis.eu\/index.php\/wp-json\/wp\/v2\/comments?post=119"}],"version-history":[{"count":28,"href":"https:\/\/www.almamaterticinensis.eu\/index.php\/wp-json\/wp\/v2\/pages\/119\/revisions"}],"predecessor-version":[{"id":3605,"href":"https:\/\/www.almamaterticinensis.eu\/index.php\/wp-json\/wp\/v2\/pages\/119\/revisions\/3605"}],"wp:attachment":[{"href":"https:\/\/www.almamaterticinensis.eu\/index.php\/wp-json\/wp\/v2\/media?parent=119"}],"curies":[{"name":"wp","href":"https:\/\/api.w.org\/{rel}","templated":true}]}}